{"id":2569,"date":"2013-03-12T07:43:29","date_gmt":"2013-03-12T07:43:29","guid":{"rendered":"http:\/\/oprema-strojevi.hr\/web\/?page_id=2569"},"modified":"2018-10-22T19:35:25","modified_gmt":"2018-10-22T17:35:25","slug":"o-nama","status":"publish","type":"page","link":"http:\/\/oprema-strojevi.com\/wordpress\/o-nama\/","title":{"rendered":"O nama"},"content":{"rendered":"<p><section class=\"kc-elm kc-css-212907 kc_row\"><div class=\"kc-row-container\"><div class=\"kc-wrap-columns\"><div class=\"kc-elm kc-css-726906 kc_col-sm-12 kc_column kc_col-sm-12\"><div class=\"kc-col-container\"><!--Welcome Section-->\n<section class=\"welcome-section\">\n    <div class=\"auto-container\">\n        <div class=\"row clearfix\">\n            \n            <!--Content Column-->\n            <div class=\"content-column col-md-7 col-sm-12 col-xs-12\">\n                <div class=\"inner-column\">\n                    <h2>Dobrodo\u0161li u <span>Oprema Strojevi d.d.<\/span><\/h2>\n                    <div class=\"text\">\n                        <p>\u201eOprema-strojevi\" d.d. je osnovana prije vi\u0161e od 50 godina kao proizvodnja strojeva i ure\u0111aja za poljoprivredu i tekstilnu industriju. Vi\u0161egodi\u0161njim razvojem i iskustvom razvijena je \u0161iroka paleta proizvoda za prehrambenu, konditorsku i kemijsku industriju.<\/p>\n                        <h3>Va\u0161 partner za proizvodnju i monta\u017eu strojeva!<\/h3>\n                        <p><\/p>\n                    <\/div>\n                    <a href=\"http:\/\/oprema-strojevi.com\/wordpress\/o-nama\/povijest\/\" class=\"theme-btn btn-style-three\">Povijest tvrtke<\/a>\n                <\/div>\n            <\/div>\n            \n            <!--image Column-->\n            <div class=\"image-column col-md-5 col-sm-12 col-xs-12\">\n                <div class=\"image\">\n                    <img decoding=\"async\" src=\"http:\/\/oprema-strojevi.com\/wordpress\/wp-content\/uploads\/2018\/08\/OS_0018.jpg\" alt=\"Welcome banner Image\" \/>\n                <\/div>\n            <\/div>\n            \n        <\/div>\n    <\/div>\n<\/section>\n<!--End Welcome Section--><\/div><\/div><\/div><\/div><\/section><section class=\"kc-elm kc-css-109914 kc_row\"><div class=\"kc-row-container  kc-container\"><div class=\"kc-wrap-columns\"><div class=\"kc-elm kc-css-888915 kc_col-sm-12 kc_column kc_col-sm-12\"><div class=\"kc-col-container\"><div class=\"kc-elm kc-css-107672 kc_text_block\"><\/p>\n<p style=\"text-align: justify; padding-left: 30px;\"><b>\u201eOprema-Strojevi\u201c<\/b> osnovana je 1966 kao proizvo\u0111a\u010d strojeva za tekstilnu i poljoprivrednu industriju.\u00a0<\/p>\n<p style=\"text-align: justify; padding-left: 30px;\">Danas, sa otprilike 120 zaposlenika, \u0161irokim strojnim parkom i vi\u0161e od 50 godina iskustva u proizvodnji, specijalizirali smo se za proizvodnju najrazli\u010ditijih strojeva i strojnih dijelova prema nacrtima i \u017eeljama kupaca. To uklju\u010duje, rezanje, zavarivanje, CNC obradu, obradu limova, zavarivanje, bojanje i monta\u017eu. Kroz godine izradili smo nebrojeno strojeva te strojnih dijelova za prehrambenu industriju, industriju papira, \u010deli\u010dane, autoindustriju, te u zadnje vrijeme industriju pakiranja. Najve\u0107i dio prihoda ostvarujemo na njema\u010dkom i austrijskom tr\u017ei\u0161tu. S naprednom ra\u010dunalnom podr\u0161kom proizvodnji (CIM), u mogu\u0107nosti smo u\u010dinkovito proizvoditi strojeve koji se sastoje od tisu\u0107a razli\u010ditih dijelova.\u00a0<\/p>\n<p style=\"text-align: justify; padding-left: 30px;\">Osim toga Oprema projektira i proizvodi strojeve za prehrambenu i procesnu industriju.\u00a0\u201cOprema Strojevi\u201c je sto-postotno u privatnom vlasni\u0161tvu.<\/p>\n<p style=\"text-align: justify; padding-left: 30px;\"><strong>Tra\u017eimo dugoro\u010dne partnere, koji \u017eele smanjiti tro\u0161kove prepu\u0161taju\u0107i proizvodnju i monta\u017eu nama.\u00a0<\/strong><\/p>\n<p style=\"text-align: justify; padding-left: 60px;\"><b>Potencijal poduze\u0107a:<br \/><\/b><span style=\"font-style: inherit;\">\u00a0 \u00a0Radna snaga: ukupno 120 zaposlenika<br \/><\/span><span style=\"font-style: inherit;\">\u00a0 \u00a0Veli\u010dina: pribli\u017eno 3000 m2\u00a0 proizvodnog i skladi\u0161nog prostora<br \/><\/span><span style=\"font-style: inherit;\">\u00a0 \u00a0Certifikati: ISO 9001:2015, ISO 14001:2015<br \/><\/span><span style=\"font-style: inherit;\">\u00a0 \u00a0Izvoz:\u00a0<\/span><span style=\"font-style: inherit;\">87% &#8211; Njema\u010dka, Austrija, \u0160vicarska, Italija, Belgija<\/span><\/p>\n<div style=\"text-align: justify; padding-left: 30px;\">\u00a0<\/div>\n<p>\n<\/div><\/div><\/div><\/div><\/div><\/section><section class=\"kc-elm kc-css-619695 kc_row\"><div class=\"kc-row-container\"><div class=\"kc-wrap-columns\"><div class=\"kc-elm kc-css-581380 kc_col-sm-12 kc_column kc_col-sm-12\"><div class=\"kc-col-container\"><!--Counter Section-->\n<section class=\"counter-section \">\n    <div class=\"auto-container\">\n        <div class=\"row clearfix\">\n            \n            <!--Counter Column-->\n            <div class=\"counter-main-column col-md-8 col-sm-12 col-xs-12\">\n                <div class=\"inner-column\">\n                    \n                    <div class=\"fact-counter\">\n            \n                        <div class=\"row clearfix\">\n                        \t                            <!--Column-->\n                            <div class=\"column counter-column col-md-4 col-sm-4 col-xs-12\">\n                                <div class=\"inner\">\n                                    <div class=\"count-outer count-box\">\n                                        <span class=\"count-text\" data-speed=\"3500\" data-stop=\"1200\">0<\/span>+                                    <\/div>\n                                    <h4 class=\"counter-title\">Projekata<\/h4>\n                                <\/div>\n                            <\/div>\n                    \t\t                            <!--Column-->\n                            <div class=\"column counter-column col-md-4 col-sm-4 col-xs-12\">\n                                <div class=\"inner\">\n                                    <div class=\"count-outer count-box\">\n                                        <span class=\"count-text\" data-speed=\"3500\" data-stop=\"130\">0<\/span>+                                    <\/div>\n                                    <h4 class=\"counter-title\">Klijenata<\/h4>\n                                <\/div>\n                            <\/div>\n                    \t\t                            <!--Column-->\n                            <div class=\"column counter-column col-md-4 col-sm-4 col-xs-12\">\n                                <div class=\"inner\">\n                                    <div class=\"count-outer count-box\">\n                                        <span class=\"count-text\" data-speed=\"3500\" data-stop=\"100\">0<\/span>%                                    <\/div>\n                                    <h4 class=\"counter-title\">Kvalitete<\/h4>\n                                <\/div>\n                            <\/div>\n                    \t\t                        <\/div>\n                        \n                    <\/div>\n                    \n                <\/div>\n            <\/div>\n            <!--Image Column-->\n            <div class=\"image-column col-md-4 col-sm-12 col-xs-12\">\n                <div class=\"image\">\n                    <img decoding=\"async\" src=\"http:\/\/oprema-strojevi.com\/wordpress\/wp-content\/uploads\/2018\/06\/image-2.png\" alt=\"Fun Fact Image\" \/>\n                <\/div>\n            <\/div>\n            \n        <\/div>\n    <\/div>\n<\/section>\n<!--End Counter Section--><\/div><\/div><\/div><\/div><\/section><section class=\"kc-elm kc-css-768850 kc_row\"><div class=\"kc-row-container\"><div class=\"kc-wrap-columns\"><div class=\"kc-elm kc-css-287049 kc_col-sm-12 kc_column kc_col-sm-12\"><div class=\"kc-col-container\"><!--Product Section-->\n<section class=\"product-section alternate\">\n    <div class=\"upper-box\" style=\"background-image:url('http:\/\/oprema-strojevi.com\/wordpress\/wp-content\/uploads\/2018\/08\/12.jpg')\">\n        <div class=\"auto-container\">\n            <h2>Nudimo stru\u010dnost i ekspertizu kroz cijeli spektar <span class=\"theme_color\">proizvodnih usluga <\/span> i vlastitih proizvoda. Na\u0161 tim profesionalaca svakodnevno radi na pove\u0107anju produktivnosti i efikasnosti kako bi na\u0161i klijenti imali najkonkurentnije proizvode na tr\u017ei\u0161tu.<\/h2>\n        <\/div>\n    <\/div>\n    <div class=\"auto-container\">\n        <div class=\"lower-box\">\n            <div class=\"clearfix\">\n                <!--Image Column-->\n                <div class=\"image-column col-md-6 col-sm-12 col-xs-12\">\n                    <div class=\"image\">\n                        <img decoding=\"async\" src=\"http:\/\/oprema-strojevi.com\/wordpress\/wp-content\/uploads\/2018\/10\/ONama_donji.jpg\" alt=\"Footer Logo\" \/>\n                    <\/div>\n                <\/div>\n                <!--Content Column-->\n                <div class=\"content-column col-md-6 col-sm-12 col-xs-12\">\n                    <div class=\"inner-column\">\n                        <h3>Za\u0161to odabrati nas<\/h3>\n                        <div class=\"text\">\n                            <p>Na\u0161i moderno opremljeni proizvodni pogoni omogu\u0107uju izradu najnaprednijih rje\u0161enja u vrlo kratkim vremenskim rokovima. Pru\u017eamo proizvodne usluge specifi\u010dnim industrijskim granama garantiraju\u0107i kvalitetu iskustvom preko pola stolje\u0107a. Prvi smo odabir svakog klijenta koji te\u017ei vrhunskom krajnjem proizvodu uz tr\u017ei\u0161no konkurentne cijene.<\/p>                        <\/div>\n                        <div class=\"row clearfix\">\n                            <div class=\"column col-md-6 col-sm-6 col-xs-12\">\n                                <ul class=\"list-style-one\">\n                                                                                                            <li><span class=\"icon flaticon-settings\"><\/span>Napredna tehnologija<\/li>\n                                                                                                            <li><span class=\"icon flaticon-mechanic\"><\/span>Stru\u010dno osoblje<\/li>\n                                                                                                        <\/ul>\n                            <\/div>\n                            <div class=\"column col-md-6 col-sm-6 col-xs-12\">\n                                <ul class=\"list-style-one\">\n                                                                        <li><span class=\"icon flaticon-clock-2\"><\/span>Po\u0161tivanje rokova<\/li>\n                                                                                                            <li><span class=\"icon flaticon-piggy-bank\"><\/span>Prihvatljive cijene<\/li>\n                                                                    <\/ul>\n                            <\/div>\n                        <\/div>\n                    <\/div>\n                <\/div>\n            <\/div>\n        <\/div>\n    <\/div>\n<\/section>\n<!--End Product Section--><\/div><\/div><\/div><\/div><\/section><section class=\"kc-elm kc-css-856212 kc_row\"><div class=\"kc-row-container  kc-container\"><div class=\"kc-wrap-columns\"><div class=\"kc-elm kc-css-972388 kc_col-sm-12 kc_column kc_col-sm-12\"><div class=\"kc-col-container\"><div class=\"kc-elm kc-css-440647 kc_text_block\"><\/p>\n<p>\n<\/div><\/div><\/div><\/div><\/div><\/section><\/p>\n","protected":false},"excerpt":{"rendered":"","protected":false},"author":1,"featured_media":0,"parent":0,"menu_order":0,"comment_status":"closed","ping_status":"closed","template":"tpl-king_composer.php","meta":{"footnotes":""},"class_list":["post-2569","page","type-page","status-publish","hentry"],"_links":{"self":[{"href":"http:\/\/oprema-strojevi.com\/wordpress\/wp-json\/wp\/v2\/pages\/2569","targetHints":{"allow":["GET"]}}],"collection":[{"href":"http:\/\/oprema-strojevi.com\/wordpress\/wp-json\/wp\/v2\/pages"}],"about":[{"href":"http:\/\/oprema-strojevi.com\/wordpress\/wp-json\/wp\/v2\/types\/page"}],"author":[{"embeddable":true,"href":"http:\/\/oprema-strojevi.com\/wordpress\/wp-json\/wp\/v2\/users\/1"}],"replies":[{"embeddable":true,"href":"http:\/\/oprema-strojevi.com\/wordpress\/wp-json\/wp\/v2\/comments?post=2569"}],"version-history":[{"count":0,"href":"http:\/\/oprema-strojevi.com\/wordpress\/wp-json\/wp\/v2\/pages\/2569\/revisions"}],"wp:attachment":[{"href":"http:\/\/oprema-strojevi.com\/wordpress\/wp-json\/wp\/v2\/media?parent=2569"}],"curies":[{"name":"wp","href":"https:\/\/api.w.org\/{rel}","templated":true}]}}