{"id":2582,"date":"2013-03-12T07:48:06","date_gmt":"2013-03-12T07:48:06","guid":{"rendered":"http:\/\/oprema-strojevi.hr\/web\/?page_id=2582"},"modified":"2018-10-01T16:19:35","modified_gmt":"2018-10-01T14:19:35","slug":"oprema-ludbreg","status":"publish","type":"page","link":"http:\/\/oprema-strojevi.com\/wordpress\/oprema-ludbreg\/","title":{"rendered":"Proizvodnja strojeva"},"content":{"rendered":"<section class=\"kc-elm kc-css-734869 kc_row\"><div class=\"kc-row-container  kc-container\"><div class=\"kc-wrap-columns\"><div class=\"kc-elm kc-css-94370 kc_col-sm-12 kc_column kc_col-sm-12\"><div class=\"kc-col-container\"> \n   \n\n<!--Services Section-->\n<section class=\"services-section\">\n    <div class=\"auto-container\">\n        <!--Sec Title-->\n        <div class=\"sec-title centered\">\n            <h2>Proizvodnja strojeva<\/h2>\n            <div class=\"separater\"><\/div>\n            <div class=\"text\">Vlastiti proizvodni program<\/div>\n        <\/div>\n        <div class=\"row clearfix\">\n                        <!--Services Block-->\n            <div class=\"services-block col-md-4 col-sm-6 col-xs-12\">\n                <div class=\"inner-box\">\n                    <div class=\"lower-box\">\n                        <div class=\"image\">\n                            <img loading=\"lazy\" decoding=\"async\" width=\"370\" height=\"240\" src=\"http:\/\/oprema-strojevi.com\/wordpress\/wp-content\/uploads\/2018\/05\/P_voce_povrce.jpg\" class=\"attachment-sanat_370x240 size-sanat_370x240 wp-post-image\" alt=\"\" srcset=\"http:\/\/oprema-strojevi.com\/wordpress\/wp-content\/uploads\/2018\/05\/P_voce_povrce.jpg 370w, http:\/\/oprema-strojevi.com\/wordpress\/wp-content\/uploads\/2018\/05\/P_voce_povrce-300x195.jpg 300w\" sizes=\"auto, (max-width: 370px) 100vw, 370px\" \/>                            <div class=\"overlay-box\">\n                                <div class=\"text\">Projektiranje, izrada, monta\u017ea i pu\u0161tanje u pogon kompletnih proizvodnih linija: \u2013 proizvodnja sokova iz vo?a \u2013 proizvodnja ajvara \u2013 prerada gra\u0161ka Klikom na naziv saznajte vi\u0161e o grupi proizvoda. Ukoliko ...<\/div>\n                                <a href=\"http:\/\/oprema-strojevi.hr\/web\/oprema-ludbreg\/oprema-i-postrojenja-za-preradu-voca-i-povrca\/\" class=\"link-btn\"><span class=\"fa fa-link\"><\/span><\/a>\n                            <\/div>\n                        <\/div>\n                    <\/div>\n                    <div class=\"upper-box\">\n                        <span class=\"icon flaticon-research\"><\/span>\n                        <h3><a href=\"http:\/\/oprema-strojevi.hr\/web\/oprema-ludbreg\/oprema-i-postrojenja-za-preradu-voca-i-povrca\/\">Prerada vo\u0107a i povr\u0107a<\/a><\/h3>\n                    <\/div>\n                <\/div>\n            <\/div>\n                        <!--Services Block-->\n            <div class=\"services-block col-md-4 col-sm-6 col-xs-12\">\n                <div class=\"inner-box\">\n                    <div class=\"lower-box\">\n                        <div class=\"image\">\n                            <img loading=\"lazy\" decoding=\"async\" width=\"370\" height=\"240\" src=\"http:\/\/oprema-strojevi.com\/wordpress\/wp-content\/uploads\/2018\/05\/P_kondit.jpg\" class=\"attachment-sanat_370x240 size-sanat_370x240 wp-post-image\" alt=\"\" srcset=\"http:\/\/oprema-strojevi.com\/wordpress\/wp-content\/uploads\/2018\/05\/P_kondit.jpg 370w, http:\/\/oprema-strojevi.com\/wordpress\/wp-content\/uploads\/2018\/05\/P_kondit-300x195.jpg 300w\" sizes=\"auto, (max-width: 370px) 100vw, 370px\" \/>                            <div class=\"overlay-box\">\n                                <div class=\"text\">Projektiranje, izrada, monta\u017ea i pu\u0161tanje u pogon kompletnih proizvodnih linija. Klikom na naziv saznajte vi\u0161e o grupi proizvoda\u2026<\/div>\n                                <a href=\"http:\/\/oprema-strojevi.hr\/web\/oprema-ludbreg\/oprema-za-konditorsku-industriju\/\" class=\"link-btn\"><span class=\"fa fa-link\"><\/span><\/a>\n                            <\/div>\n                        <\/div>\n                    <\/div>\n                    <div class=\"upper-box\">\n                        <span class=\"icon flaticon-blocks-with-angled-cuts\"><\/span>\n                        <h3><a href=\"http:\/\/oprema-strojevi.hr\/web\/oprema-ludbreg\/oprema-za-konditorsku-industriju\/\">Konditorska industrija<\/a><\/h3>\n                    <\/div>\n                <\/div>\n            <\/div>\n                        <!--Services Block-->\n            <div class=\"services-block col-md-4 col-sm-6 col-xs-12\">\n                <div class=\"inner-box\">\n                    <div class=\"lower-box\">\n                        <div class=\"image\">\n                            <img loading=\"lazy\" decoding=\"async\" width=\"370\" height=\"240\" src=\"http:\/\/oprema-strojevi.com\/wordpress\/wp-content\/uploads\/2018\/05\/P_otpad.jpg\" class=\"attachment-sanat_370x240 size-sanat_370x240 wp-post-image\" alt=\"\" srcset=\"http:\/\/oprema-strojevi.com\/wordpress\/wp-content\/uploads\/2018\/05\/P_otpad.jpg 370w, http:\/\/oprema-strojevi.com\/wordpress\/wp-content\/uploads\/2018\/05\/P_otpad-300x195.jpg 300w\" sizes=\"auto, (max-width: 370px) 100vw, 370px\" \/>                            <div class=\"overlay-box\">\n                                <div class=\"text\">Proizvodni program opreme za transport i sortiranje otpada i ekologiju \u2013 Transporteri za otpad \u2013 Sortirnica<\/div>\n                                <a href=\"http:\/\/oprema-strojevi.hr\/web\/oprema-ludbreg\/oprema-za-ostalu-industriju\/oprema-za-obradu-otpada\/\" class=\"link-btn\"><span class=\"fa fa-link\"><\/span><\/a>\n                            <\/div>\n                        <\/div>\n                    <\/div>\n                    <div class=\"upper-box\">\n                        <span class=\"icon fa fa-fast-forward\"><\/span>\n                        <h3><a href=\"http:\/\/oprema-strojevi.hr\/web\/oprema-ludbreg\/oprema-za-ostalu-industriju\/oprema-za-obradu-otpada\/\">Oprema za obradu otpada<\/a><\/h3>\n                    <\/div>\n                <\/div>\n            <\/div>\n                        <!--Services Block-->\n            <div class=\"services-block col-md-4 col-sm-6 col-xs-12\">\n                <div class=\"inner-box\">\n                    <div class=\"lower-box\">\n                        <div class=\"image\">\n                            <img loading=\"lazy\" decoding=\"async\" width=\"370\" height=\"240\" src=\"http:\/\/oprema-strojevi.com\/wordpress\/wp-content\/uploads\/2018\/05\/services-8-370x240.jpg\" class=\"attachment-sanat_370x240 size-sanat_370x240 wp-post-image\" alt=\"\" \/>                            <div class=\"overlay-box\">\n                                <div class=\"text\">Kemijska industrija \u2013 spremnici mje\u0161alice za teku?e kemikalije \u2013\u00a0mje\u0161alice za farmaceutsku industriju \u2013 sirupe \u2013\u00a0blender \u2013 mje\u0161alice za aditive i granule<\/div>\n                                <a href=\"http:\/\/oprema-strojevi.hr\/web\/oprema-ludbreg\/oprema-za-ostalu-industriju\/kemijska-industrija\/\" class=\"link-btn\"><span class=\"fa fa-link\"><\/span><\/a>\n                            <\/div>\n                        <\/div>\n                    <\/div>\n                    <div class=\"upper-box\">\n                        <span class=\"icon flaticon-chemistry-class-flask-with-liquid-for-experimentation\"><\/span>\n                        <h3><a href=\"http:\/\/oprema-strojevi.hr\/web\/oprema-ludbreg\/oprema-za-ostalu-industriju\/kemijska-industrija\/\">Kemijska industrija<\/a><\/h3>\n                    <\/div>\n                <\/div>\n            <\/div>\n                        <!--Services Block-->\n            <div class=\"services-block col-md-4 col-sm-6 col-xs-12\">\n                <div class=\"inner-box\">\n                    <div class=\"lower-box\">\n                        <div class=\"image\">\n                            <img loading=\"lazy\" decoding=\"async\" width=\"370\" height=\"240\" src=\"http:\/\/oprema-strojevi.com\/wordpress\/wp-content\/uploads\/2018\/05\/P_spremnici.jpg\" class=\"attachment-sanat_370x240 size-sanat_370x240 wp-post-image\" alt=\"\" srcset=\"http:\/\/oprema-strojevi.com\/wordpress\/wp-content\/uploads\/2018\/05\/P_spremnici.jpg 370w, http:\/\/oprema-strojevi.com\/wordpress\/wp-content\/uploads\/2018\/05\/P_spremnici-300x195.jpg 300w\" sizes=\"auto, (max-width: 370px) 100vw, 370px\" \/>                            <div class=\"overlay-box\">\n                                <div class=\"text\">Spremnici i silosi<\/div>\n                                <a href=\"http:\/\/oprema-strojevi.hr\/web\/oprema-ludbreg\/spremnici-i-silosi\/\" class=\"link-btn\"><span class=\"fa fa-link\"><\/span><\/a>\n                            <\/div>\n                        <\/div>\n                    <\/div>\n                    <div class=\"upper-box\">\n                        <span class=\"icon flaticon-layers\"><\/span>\n                        <h3><a href=\"http:\/\/oprema-strojevi.hr\/web\/oprema-ludbreg\/spremnici-i-silosi\/\">Spremnici i silosi<\/a><\/h3>\n                    <\/div>\n                <\/div>\n            <\/div>\n                        <!--Services Block-->\n            <div class=\"services-block col-md-4 col-sm-6 col-xs-12\">\n                <div class=\"inner-box\">\n                    <div class=\"lower-box\">\n                        <div class=\"image\">\n                            <img loading=\"lazy\" decoding=\"async\" width=\"370\" height=\"240\" src=\"http:\/\/oprema-strojevi.com\/wordpress\/wp-content\/uploads\/2018\/05\/P_transport.jpg\" class=\"attachment-sanat_370x240 size-sanat_370x240 wp-post-image\" alt=\"\" srcset=\"http:\/\/oprema-strojevi.com\/wordpress\/wp-content\/uploads\/2018\/05\/P_transport.jpg 370w, http:\/\/oprema-strojevi.com\/wordpress\/wp-content\/uploads\/2018\/05\/P_transport-300x195.jpg 300w\" sizes=\"auto, (max-width: 370px) 100vw, 370px\" \/>                            <div class=\"overlay-box\">\n                                <div class=\"text\">Transporteri: \u2013 Trakasti transporteri \u2013 Elevatori \u2013 Pu\u017eni transporteri \u2013 Pneumotransport<\/div>\n                                <a href=\"http:\/\/oprema-strojevi.hr\/web\/oprema-ludbreg\/transporteri\/\" class=\"link-btn\"><span class=\"fa fa-link\"><\/span><\/a>\n                            <\/div>\n                        <\/div>\n                    <\/div>\n                    <div class=\"upper-box\">\n                        <span class=\"icon fa fa-external-link\"><\/span>\n                        <h3><a href=\"http:\/\/oprema-strojevi.hr\/web\/oprema-ludbreg\/transporteri\/\">Transporteri<\/a><\/h3>\n                    <\/div>\n                <\/div>\n            <\/div>\n                    <\/div>\n    <\/div>\n<\/section>\n<!--End Services Section-->\n\n<\/div><\/div><\/div><\/div><\/section>\n","protected":false},"excerpt":{"rendered":"","protected":false},"author":1,"featured_media":0,"parent":0,"menu_order":0,"comment_status":"closed","ping_status":"closed","template":"tpl-king_composer.php","meta":{"footnotes":""},"class_list":["post-2582","page","type-page","status-publish","hentry"],"_links":{"self":[{"href":"http:\/\/oprema-strojevi.com\/wordpress\/wp-json\/wp\/v2\/pages\/2582","targetHints":{"allow":["GET"]}}],"collection":[{"href":"http:\/\/oprema-strojevi.com\/wordpress\/wp-json\/wp\/v2\/pages"}],"about":[{"href":"http:\/\/oprema-strojevi.com\/wordpress\/wp-json\/wp\/v2\/types\/page"}],"author":[{"embeddable":true,"href":"http:\/\/oprema-strojevi.com\/wordpress\/wp-json\/wp\/v2\/users\/1"}],"replies":[{"embeddable":true,"href":"http:\/\/oprema-strojevi.com\/wordpress\/wp-json\/wp\/v2\/comments?post=2582"}],"version-history":[{"count":0,"href":"http:\/\/oprema-strojevi.com\/wordpress\/wp-json\/wp\/v2\/pages\/2582\/revisions"}],"wp:attachment":[{"href":"http:\/\/oprema-strojevi.com\/wordpress\/wp-json\/wp\/v2\/media?parent=2582"}],"curies":[{"name":"wp","href":"https:\/\/api.w.org\/{rel}","templated":true}]}}