{"id":2584,"date":"2013-03-12T07:48:25","date_gmt":"2013-03-12T07:48:25","guid":{"rendered":"http:\/\/oprema-strojevi.hr\/web\/?page_id=2584"},"modified":"2019-01-26T12:39:00","modified_gmt":"2019-01-26T11:39:00","slug":"usluge","status":"publish","type":"page","link":"http:\/\/oprema-strojevi.com\/wordpress\/usluge\/","title":{"rendered":"Usluge"},"content":{"rendered":"<p><section class=\"kc-elm kc-css-557483 kc_row\"><div class=\"kc-row-container  kc-container\"><div class=\"kc-wrap-columns\"><div class=\"kc-elm kc-css-638464 kc_col-sm-6 kc_column kc_col-sm-6\"><div class=\"kc-col-container\"><div class=\"kc-elm kc-css-683176 kc-animated kc-animate-eff-fadeIn kc-feature-boxes kc-fb-layout-1\">\n\n\t<div class=\"content-icon\"><i class=\"flaticon-settings-gears\"><\/i><\/div><div class=\"content-title\">STROJNA OBRADA<\/div><div class=\"content-desc\">CNC bohrwerk (3500x2000x1500mm) \/ CNC obradni centri \/ CNC tokarenje (d10x500 do D500 x2000) \/ univerzalni bohrwerk (3000x1500x1000mm) \/ univerzalne tokarilice (d300x1000 do d1300x6000mm) \/ plansko bru\u0161enje \/ kru\u017eno bru\u0161enje unutarnje i vanjsko \/ automatske pile<\/div><div class=\"content-button\"><a href=\"http:\/\/oprema-strojevi.com\/wordpress\/usluge\/strojna-obrada\/\" target=\"_self\" title=\"\">Vi\u0161e<\/a><\/div>\n<\/div>\n\n<div class=\"kc-elm kc-css-389241 divider_line\">\n\t<div class=\"divider_inner divider_line1\">\n\t\t\t<\/div>\n<\/div>\n<\/div><\/div><div class=\"kc-elm kc-css-123684 kc_col-sm-6 kc_column kc_col-sm-6\"><div class=\"kc-col-container\"><div class=\"kc-elm kc-css-845849 kc-feature-boxes kc-fb-layout-1\">\n\n\t<div class=\"content-icon\"><i class=\"fa-wrench\"><\/i><\/div><div class=\"content-title\">BRAVARSKE USLUGE<\/div><div class=\"content-desc\">crna bravarija \/ rostfrei bravarija (uklju\u010divo za medicinsku i prehrambenu industriju) \/ izrada elektro kabineta \/ izrada rezervoara \/ sastav slo\u017eenih konstrukcija na zavariva\u010dkim stolovima \/ manipulacija sa kranovima od 2 do 10 tona<\/div><div class=\"content-button\"><a href=\"http:\/\/oprema-strojevi.com\/wordpress\/usluge\/bravarske-usluge\/\" target=\"_self\" title=\"\">Vi\u0161e<\/a><\/div>\n<\/div>\n\n<div class=\"kc-elm kc-css-672570 divider_line\">\n\t<div class=\"divider_inner divider_line1\">\n\t\t\t<\/div>\n<\/div>\n<\/div><\/div><\/div><\/div><\/section><section class=\"kc-elm kc-css-610775 kc_row\"><div class=\"kc-row-container  kc-container\"><div class=\"kc-wrap-columns\"><div class=\"kc-elm kc-css-405089 kc_col-sm-6 kc_column kc_col-sm-6\"><div class=\"kc-col-container\"><div class=\"kc-elm kc-css-917 kc-feature-boxes kc-fb-layout-1\">\n\n\t<div class=\"content-icon\"><i class=\"flaticon-layers\"><\/i><\/div><div class=\"content-title\">OBRADA LIMOVA<\/div><div class=\"content-desc\">CNC rezanje plazmom i autogeno \/  \u0161kare za rezanje limova \/ CNC kutna savija\u010dica \/ savija\u010dice profila \/ rolanje limova od 2 do 20mm<\/div><div class=\"content-button\"><a href=\"http:\/\/oprema-strojevi.com\/wordpress\/usluge\/obrada-limova\/\" target=\"_self\" title=\"\">Vi\u0161e<\/a><\/div>\n<\/div>\n\n<div class=\"kc-elm kc-css-936746 divider_line\">\n\t<div class=\"divider_inner divider_line1\">\n\t\t\t<\/div>\n<\/div>\n<div class=\"kc-elm kc-css-371849 kc-feature-boxes kc-fb-layout-1\">\n\n\t<div class=\"content-icon\"><i class=\"flaticon-flash\"><\/i><\/div><div class=\"content-title\">ELEKTROMONTA\u017dA<\/div><div class=\"content-desc\">set etalona \/ set kalibara za dosjede \/ set kalibara za navoje \/ digitalna i analogna pomi\u010dna mjerila \/ mikrometri od 0 do 500 mm \/ mikrometri za unutarnje mjere \/ subito \/ Unimaster \/ Kameni stol sa digitalnim visinomjerom (do 615 mm) \/ Faro mjerna ruka (do 3000 mm, preciznost 0,03mm)<\/div><div class=\"content-button\"><a href=\"http:\/\/oprema-strojevi.com\/wordpress\/usluge\/elektromontaza\/\" target=\"_self\" title=\"\">Vi\u0161e<\/a><\/div>\n<\/div>\n\n<div class=\"kc-elm kc-css-894616 divider_line\">\n\t<div class=\"divider_inner divider_line1\">\n\t\t\t<\/div>\n<\/div>\n<div class=\"kc-elm kc-css-882905 kc-feature-boxes kc-fb-layout-1\">\n\n\t<div class=\"content-icon\"><i class=\"flaticon-stamp\"><\/i><\/div><div class=\"content-title\">OSIGURAVANJE KVALITETE<\/div><div class=\"content-desc\">set etalona \/ set kalibara za dosjede \/ set kalibara za navoje \/ digitalna i analogna pomi\u010dna mjerila \/ mikrometri od 0 do 500 mm \/ mikrometri za unutarnje mjere \/ subito \/ Unimaster \/ Kameni stol sa digitalnim visinomjerom (do 615 mm) \/ Faro mjerna ruka (do 3000 mm, preciznost 0,03mm)<\/div><div class=\"content-button\"><a href=\"http:\/\/oprema-strojevi.com\/wordpress\/usluge\/kvaliteta-2\/\" target=\"_self\" title=\"\">Vi\u0161e<\/a><\/div>\n<\/div>\n<\/div><\/div><div class=\"kc-elm kc-css-442113 kc_col-sm-6 kc_column kc_col-sm-6\"><div class=\"kc-col-container\"><div class=\"kc-elm kc-css-605731 kc-feature-boxes kc-fb-layout-1\">\n\n\t<div class=\"content-icon\"><i class=\"flaticon-mechanic\"><\/i><\/div><div class=\"content-title\">MONTA\u017dA<\/div><div class=\"content-desc\">monta\u017ea sklopova \/ monta\u017ea strojeva \/ elektro monta\u017ea \/ izrada elektro kabineta<\/div><div class=\"content-button\"><a href=\"http:\/\/oprema-strojevi.com\/wordpress\/usluge\/montaza\/\" target=\"_self\" title=\"\">Vi\u0161e<\/a><\/div>\n<\/div>\n\n<div class=\"kc-elm kc-css-641817 divider_line\">\n\t<div class=\"divider_inner divider_line1\">\n\t\t\t<\/div>\n<\/div>\n<div class=\"kc-elm kc-css-926343 kc-feature-boxes kc-fb-layout-1\">\n\n\t<div class=\"content-icon\"><i class=\"et-paintbrush\"><\/i><\/div><div class=\"content-title\">POVR\u0160INSKA ZA\u0160TITA<\/div><div class=\"content-desc\">balansiranje pozicija (do d1000 i 80kg) \/ lakirnica \/ ozna\u010davanje pozicija: CNC gravirkom, ru\u010dno graviranje, sa \u017eigom<\/div><div class=\"content-button\"><a href=\"http:\/\/oprema-strojevi.com\/wordpress\/usluge\/povrsinska-zastita\/\" target=\"_self\" title=\"\">Vi\u0161e<\/a><\/div>\n<\/div>\n\n<div class=\"kc-elm kc-css-199518 divider_line\">\n\t<div class=\"divider_inner divider_line1\">\n\t\t\t<\/div>\n<\/div>\n<div class=\"kc-elm kc-css-325205 kc-feature-boxes kc-fb-layout-1\">\n\n\t<div class=\"content-icon\"><i class=\"flaticon-light-bulb\"><\/i><\/div><div class=\"content-title\">OSTALO<\/div><div class=\"content-desc\">balansiranje pozicija (do d1000 i 80kg) \/ lakirnica \/ ozna\u010davanje pozicija: CNC gravirkom, ru\u010dno graviranje, sa \u017eigom<\/div><div class=\"content-button\"><a href=\"http:\/\/oprema-strojevi.com\/wordpress\/usluge\/odrzavanje\/\" target=\"_self\" title=\"\">Vi\u0161e<\/a><\/div>\n<\/div>\n<\/div><\/div><\/div><\/div><\/section><section class=\"kc-elm kc-css-693515 kc_row\"><div class=\"kc-row-container  kc-container\"><div class=\"kc-wrap-columns\"><div class=\"kc-elm kc-css-54877 kc_col-sm-12 kc_column kc_col-sm-12\"><div class=\"kc-col-container\"> \n   \n\n<!--Services Section-->\n<section class=\"services-section\">\n    <div class=\"auto-container\">\n        <!--Sec Title-->\n        <div class=\"sec-title centered\">\n            <h2>Proizvodne usluge<\/h2>\n            <div class=\"separater\"><\/div>\n            <div class=\"text\"><\/div>\n        <\/div>\n        <div class=\"row clearfix\">\n                        <!--Services Block-->\n            <div class=\"services-block col-md-4 col-sm-6 col-xs-12\">\n                <div class=\"inner-box\">\n                    <div class=\"lower-box\">\n                        <div class=\"image\">\n                            <img loading=\"lazy\" decoding=\"async\" width=\"370\" height=\"240\" src=\"http:\/\/oprema-strojevi.com\/wordpress\/wp-content\/uploads\/2018\/05\/strojna_01.jpg\" class=\"attachment-sanat_370x240 size-sanat_370x240 wp-post-image\" alt=\"\" srcset=\"http:\/\/oprema-strojevi.com\/wordpress\/wp-content\/uploads\/2018\/05\/strojna_01.jpg 370w, http:\/\/oprema-strojevi.com\/wordpress\/wp-content\/uploads\/2018\/05\/strojna_01-300x195.jpg 300w\" sizes=\"auto, (max-width: 370px) 100vw, 370px\" \/>                            <div class=\"overlay-box\">\n                                <div class=\"text\">CNC bohrwerk \/ CNC obradni centri \/ CNC tokarenje \/ ...<\/div>\n                                <a href=\"http:\/\/oprema-strojevi.com\/wordpress\/usluge\/strojna-obrada\/\" class=\"link-btn\"><span class=\"fa fa-link\"><\/span><\/a>\n                            <\/div>\n                        <\/div>\n                    <\/div>\n                    <div class=\"upper-box\">\n                        <span class=\"icon flaticon-settings-2\"><\/span>\n                        <h3><a href=\"http:\/\/oprema-strojevi.com\/wordpress\/usluge\/strojna-obrada\/\">Strojna obrada<\/a><\/h3>\n                    <\/div>\n                <\/div>\n            <\/div>\n                        <!--Services Block-->\n            <div class=\"services-block col-md-4 col-sm-6 col-xs-12\">\n                <div class=\"inner-box\">\n                    <div class=\"lower-box\">\n                        <div class=\"image\">\n                            <img loading=\"lazy\" decoding=\"async\" width=\"370\" height=\"240\" src=\"http:\/\/oprema-strojevi.com\/wordpress\/wp-content\/uploads\/2018\/05\/services-10.jpg\" class=\"attachment-sanat_370x240 size-sanat_370x240 wp-post-image\" alt=\"\" srcset=\"http:\/\/oprema-strojevi.com\/wordpress\/wp-content\/uploads\/2018\/05\/services-10.jpg 370w, http:\/\/oprema-strojevi.com\/wordpress\/wp-content\/uploads\/2018\/05\/services-10-300x195.jpg 300w\" sizes=\"auto, (max-width: 370px) 100vw, 370px\" \/>                            <div class=\"overlay-box\">\n                                <div class=\"text\">crna bravarija \/ rostfrei bravarija \/ izrada elektro kabineta \/ ...<\/div>\n                                <a href=\"http:\/\/oprema-strojevi.com\/wordpress\/usluge\/bravarske-usluge\/\" class=\"link-btn\"><span class=\"fa fa-link\"><\/span><\/a>\n                            <\/div>\n                        <\/div>\n                    <\/div>\n                    <div class=\"upper-box\">\n                        <span class=\"icon flaticon-check-1\"><\/span>\n                        <h3><a href=\"http:\/\/oprema-strojevi.com\/wordpress\/usluge\/bravarske-usluge\/\">Bravarske usluge<\/a><\/h3>\n                    <\/div>\n                <\/div>\n            <\/div>\n                        <!--Services Block-->\n            <div class=\"services-block col-md-4 col-sm-6 col-xs-12\">\n                <div class=\"inner-box\">\n                    <div class=\"lower-box\">\n                        <div class=\"image\">\n                            <img loading=\"lazy\" decoding=\"async\" width=\"370\" height=\"240\" src=\"http:\/\/oprema-strojevi.com\/wordpress\/wp-content\/uploads\/2018\/05\/news-8.jpg\" class=\"attachment-sanat_370x240 size-sanat_370x240 wp-post-image\" alt=\"\" srcset=\"http:\/\/oprema-strojevi.com\/wordpress\/wp-content\/uploads\/2018\/05\/news-8.jpg 370w, http:\/\/oprema-strojevi.com\/wordpress\/wp-content\/uploads\/2018\/05\/news-8-300x195.jpg 300w\" sizes=\"auto, (max-width: 370px) 100vw, 370px\" \/>                            <div class=\"overlay-box\">\n                                <div class=\"text\">CNC rezanje plazmom i autogeno \/ \u0161kare za rezanje limova ...<\/div>\n                                <a href=\"http:\/\/oprema-strojevi.com\/wordpress\/usluge\/obrada-limova\/\" class=\"link-btn\"><span class=\"fa fa-link\"><\/span><\/a>\n                            <\/div>\n                        <\/div>\n                    <\/div>\n                    <div class=\"upper-box\">\n                        <span class=\"icon flaticon-layers-1\"><\/span>\n                        <h3><a href=\"http:\/\/oprema-strojevi.com\/wordpress\/usluge\/obrada-limova\/\">Obrada limova<\/a><\/h3>\n                    <\/div>\n                <\/div>\n            <\/div>\n                        <!--Services Block-->\n            <div class=\"services-block col-md-4 col-sm-6 col-xs-12\">\n                <div class=\"inner-box\">\n                    <div class=\"lower-box\">\n                        <div class=\"image\">\n                            <img loading=\"lazy\" decoding=\"async\" width=\"370\" height=\"240\" src=\"http:\/\/oprema-strojevi.com\/wordpress\/wp-content\/uploads\/2018\/05\/montaza.jpg\" class=\"attachment-sanat_370x240 size-sanat_370x240 wp-post-image\" alt=\"\" srcset=\"http:\/\/oprema-strojevi.com\/wordpress\/wp-content\/uploads\/2018\/05\/montaza.jpg 370w, http:\/\/oprema-strojevi.com\/wordpress\/wp-content\/uploads\/2018\/05\/montaza-300x195.jpg 300w\" sizes=\"auto, (max-width: 370px) 100vw, 370px\" \/>                            <div class=\"overlay-box\">\n                                <div class=\"text\">monta\u017ea podsklopova za daljnju ugradnju \/ monta\u017ea kompletnih strojeva \/ ...<\/div>\n                                <a href=\"http:\/\/oprema-strojevi.com\/wordpress\/usluge\/montaza\/\" class=\"link-btn\"><span class=\"fa fa-link\"><\/span><\/a>\n                            <\/div>\n                        <\/div>\n                    <\/div>\n                    <div class=\"upper-box\">\n                        <span class=\"icon fa fa-wrench\"><\/span>\n                        <h3><a href=\"http:\/\/oprema-strojevi.com\/wordpress\/usluge\/montaza\/\">Monta\u017ea<\/a><\/h3>\n                    <\/div>\n                <\/div>\n            <\/div>\n                        <!--Services Block-->\n            <div class=\"services-block col-md-4 col-sm-6 col-xs-12\">\n                <div class=\"inner-box\">\n                    <div class=\"lower-box\">\n                        <div class=\"image\">\n                            <img loading=\"lazy\" decoding=\"async\" width=\"370\" height=\"240\" src=\"http:\/\/oprema-strojevi.com\/wordpress\/wp-content\/uploads\/2018\/05\/elektromontaza.jpg\" class=\"attachment-sanat_370x240 size-sanat_370x240 wp-post-image\" alt=\"\" srcset=\"http:\/\/oprema-strojevi.com\/wordpress\/wp-content\/uploads\/2018\/05\/elektromontaza.jpg 370w, http:\/\/oprema-strojevi.com\/wordpress\/wp-content\/uploads\/2018\/05\/elektromontaza-300x195.jpg 300w\" sizes=\"auto, (max-width: 370px) 100vw, 370px\" \/>                            <div class=\"overlay-box\">\n                                <div class=\"text\">izrada upravlja\u010dkih ormara \/ upravlja\u010dki i za\u0161titni elementi \/\u00a0senzori, elektromotori ...<\/div>\n                                <a href=\"http:\/\/oprema-strojevi.com\/wordpress\/usluge\/elektromontaza\/\" class=\"link-btn\"><span class=\"fa fa-link\"><\/span><\/a>\n                            <\/div>\n                        <\/div>\n                    <\/div>\n                    <div class=\"upper-box\">\n                        <span class=\"icon flaticon-flash\"><\/span>\n                        <h3><a href=\"http:\/\/oprema-strojevi.com\/wordpress\/usluge\/elektromontaza\/\">Elektromonta\u017ea<\/a><\/h3>\n                    <\/div>\n                <\/div>\n            <\/div>\n                        <!--Services Block-->\n            <div class=\"services-block col-md-4 col-sm-6 col-xs-12\">\n                <div class=\"inner-box\">\n                    <div class=\"lower-box\">\n                        <div class=\"image\">\n                            <img loading=\"lazy\" decoding=\"async\" width=\"370\" height=\"240\" src=\"http:\/\/oprema-strojevi.com\/wordpress\/wp-content\/uploads\/2018\/05\/povrsinske_o.jpg\" class=\"attachment-sanat_370x240 size-sanat_370x240 wp-post-image\" alt=\"\" srcset=\"http:\/\/oprema-strojevi.com\/wordpress\/wp-content\/uploads\/2018\/05\/povrsinske_o.jpg 370w, http:\/\/oprema-strojevi.com\/wordpress\/wp-content\/uploads\/2018\/05\/povrsinske_o-300x195.jpg 300w\" sizes=\"auto, (max-width: 370px) 100vw, 370px\" \/>                            <div class=\"overlay-box\">\n                                <div class=\"text\">Sa\u010dmarenje \u010deli\u010dnom sa\u010dmom \/ Lakiranje \/ Cin\u010danje \/ Niklanje \/ ...<\/div>\n                                <a href=\"http:\/\/oprema-strojevi.com\/wordpress\/usluge\/povrsinska-zastita\/\" class=\"link-btn\"><span class=\"fa fa-link\"><\/span><\/a>\n                            <\/div>\n                        <\/div>\n                    <\/div>\n                    <div class=\"upper-box\">\n                        <span class=\"icon flaticon-pressure-sprayer\"><\/span>\n                        <h3><a href=\"http:\/\/oprema-strojevi.com\/wordpress\/usluge\/povrsinska-zastita\/\">Povr\u0161inska za\u0161tita<\/a><\/h3>\n                    <\/div>\n                <\/div>\n            <\/div>\n                        <!--Services Block-->\n            <div class=\"services-block col-md-4 col-sm-6 col-xs-12\">\n                <div class=\"inner-box\">\n                    <div class=\"lower-box\">\n                        <div class=\"image\">\n                            <img loading=\"lazy\" decoding=\"async\" width=\"370\" height=\"240\" src=\"http:\/\/oprema-strojevi.com\/wordpress\/wp-content\/uploads\/2018\/05\/kvaliteta_01.jpg\" class=\"attachment-sanat_370x240 size-sanat_370x240 wp-post-image\" alt=\"\" srcset=\"http:\/\/oprema-strojevi.com\/wordpress\/wp-content\/uploads\/2018\/05\/kvaliteta_01.jpg 370w, http:\/\/oprema-strojevi.com\/wordpress\/wp-content\/uploads\/2018\/05\/kvaliteta_01-300x195.jpg 300w\" sizes=\"auto, (max-width: 370px) 100vw, 370px\" \/>                            <div class=\"overlay-box\">\n                                <div class=\"text\">subito \/ Unimaster \/ Kameni stol sa digitalnim visinomjerom \/ ...<\/div>\n                                <a href=\"http:\/\/oprema-strojevi.com\/wordpress\/usluge\/kvaliteta-2\/\" class=\"link-btn\"><span class=\"fa fa-link\"><\/span><\/a>\n                            <\/div>\n                        <\/div>\n                    <\/div>\n                    <div class=\"upper-box\">\n                        <span class=\"icon flaticon-trophy-silhouette\"><\/span>\n                        <h3><a href=\"http:\/\/oprema-strojevi.com\/wordpress\/usluge\/kvaliteta-2\/\">Osiguravanje kvalitete<\/a><\/h3>\n                    <\/div>\n                <\/div>\n            <\/div>\n                        <!--Services Block-->\n            <div class=\"services-block col-md-4 col-sm-6 col-xs-12\">\n                <div class=\"inner-box\">\n                    <div class=\"lower-box\">\n                        <div class=\"image\">\n                            <img loading=\"lazy\" decoding=\"async\" width=\"370\" height=\"240\" src=\"http:\/\/oprema-strojevi.com\/wordpress\/wp-content\/uploads\/2018\/05\/ostalo_01.jpg\" class=\"attachment-sanat_370x240 size-sanat_370x240 wp-post-image\" alt=\"\" srcset=\"http:\/\/oprema-strojevi.com\/wordpress\/wp-content\/uploads\/2018\/05\/ostalo_01.jpg 370w, http:\/\/oprema-strojevi.com\/wordpress\/wp-content\/uploads\/2018\/05\/ostalo_01-300x195.jpg 300w\" sizes=\"auto, (max-width: 370px) 100vw, 370px\" \/>                            <div class=\"overlay-box\">\n                                <div class=\"text\">balansiranje pozicija \/ lakirnica \/ ozna\u010davanje pozicija: CNC gravirkom, ru\u010dno ...<\/div>\n                                <a href=\"http:\/\/oprema-strojevi.com\/wordpress\/usluge\/odrzavanje\/\" class=\"link-btn\"><span class=\"fa fa-link\"><\/span><\/a>\n                            <\/div>\n                        <\/div>\n                    <\/div>\n                    <div class=\"upper-box\">\n                        <span class=\"icon flaticon-analytics\"><\/span>\n                        <h3><a href=\"http:\/\/oprema-strojevi.com\/wordpress\/usluge\/odrzavanje\/\">Ostalo<\/a><\/h3>\n                    <\/div>\n                <\/div>\n            <\/div>\n                        <!--Services Block-->\n            <div class=\"services-block col-md-4 col-sm-6 col-xs-12\">\n                <div class=\"inner-box\">\n                    <div class=\"lower-box\">\n                        <div class=\"image\">\n                            <img loading=\"lazy\" decoding=\"async\" width=\"370\" height=\"240\" src=\"http:\/\/oprema-strojevi.com\/wordpress\/wp-content\/uploads\/2018\/05\/strojevi_01.jpg\" class=\"attachment-sanat_370x240 size-sanat_370x240 wp-post-image\" alt=\"\" srcset=\"http:\/\/oprema-strojevi.com\/wordpress\/wp-content\/uploads\/2018\/05\/strojevi_01.jpg 370w, http:\/\/oprema-strojevi.com\/wordpress\/wp-content\/uploads\/2018\/05\/strojevi_01-300x195.jpg 300w\" sizes=\"auto, (max-width: 370px) 100vw, 370px\" \/>                            <div class=\"overlay-box\">\n                                <div class=\"text\">Strojevi za prehrambenu industriju<\/div>\n                                <a href=\"http:\/\/oprema-strojevi.com\/wordpress\/2018\/05\/08\/vrhunski_proizvodi\/\" class=\"link-btn\"><span class=\"fa fa-link\"><\/span><\/a>\n                            <\/div>\n                        <\/div>\n                    <\/div>\n                    <div class=\"upper-box\">\n                        <span class=\"icon flaticon-blocks-with-angled-cuts\"><\/span>\n                        <h3><a href=\"http:\/\/oprema-strojevi.com\/wordpress\/2018\/05\/08\/vrhunski_proizvodi\/\">Proizvodnja strojeva<\/a><\/h3>\n                    <\/div>\n                <\/div>\n            <\/div>\n                    <\/div>\n    <\/div>\n<\/section>\n<!--End Services Section-->\n\n<\/div><\/div><\/div><\/div><\/section><\/p>\n","protected":false},"excerpt":{"rendered":"","protected":false},"author":1,"featured_media":0,"parent":0,"menu_order":0,"comment_status":"closed","ping_status":"closed","template":"","meta":{"footnotes":""},"class_list":["post-2584","page","type-page","status-publish","hentry"],"_links":{"self":[{"href":"http:\/\/oprema-strojevi.com\/wordpress\/wp-json\/wp\/v2\/pages\/2584","targetHints":{"allow":["GET"]}}],"collection":[{"href":"http:\/\/oprema-strojevi.com\/wordpress\/wp-json\/wp\/v2\/pages"}],"about":[{"href":"http:\/\/oprema-strojevi.com\/wordpress\/wp-json\/wp\/v2\/types\/page"}],"author":[{"embeddable":true,"href":"http:\/\/oprema-strojevi.com\/wordpress\/wp-json\/wp\/v2\/users\/1"}],"replies":[{"embeddable":true,"href":"http:\/\/oprema-strojevi.com\/wordpress\/wp-json\/wp\/v2\/comments?post=2584"}],"version-history":[{"count":0,"href":"http:\/\/oprema-strojevi.com\/wordpress\/wp-json\/wp\/v2\/pages\/2584\/revisions"}],"wp:attachment":[{"href":"http:\/\/oprema-strojevi.com\/wordpress\/wp-json\/wp\/v2\/media?parent=2584"}],"curies":[{"name":"wp","href":"https:\/\/api.w.org\/{rel}","templated":true}]}}