{"id":2596,"date":"2013-03-12T07:50:54","date_gmt":"2013-03-12T07:50:54","guid":{"rendered":"http:\/\/oprema-strojevi.hr\/web\/?page_id=2596"},"modified":"2019-03-26T19:45:07","modified_gmt":"2019-03-26T18:45:07","slug":"odrzavanje","status":"publish","type":"page","link":"http:\/\/oprema-strojevi.com\/wordpress\/usluge\/odrzavanje\/","title":{"rendered":"Ostalo"},"content":{"rendered":"<p><section class=\"kc-elm kc-css-190434 kc_row\"><div class=\"kc-row-container  kc-container\"><div class=\"kc-wrap-columns\"><div class=\"kc-elm kc-css-45231 kc_col-sm-12 kc_column kc_col-sm-12\"><div class=\"kc-col-container\"><div class=\"kc-elm kc-css-996712 kc-feature-boxes kc-fb-layout-3\">\n\n\t<div class=\"content-icon\"><i class=\"flaticon-flash\"><\/i><\/div><div class=\"box-right\"><div class=\"content-title\">OSTALO<\/div><div class=\"content-desc\">Uz sve prije navedeno, nudimo i slijede\u0107e usluge:<\/div><\/div>\n<\/div>\n<div class=\"kc-elm kc-css-670160 kc_text_block\"><\/p>\n<p style=\"padding-left: 60px;\">\u2022 balansiranje pozicija (do d1000 i 80kg)<br \/>\n\u2022 ozna\u010davanje pozicija: CNC gravirkom, ru\u010dno graviranje, sa \u017eigom<\/p>\n<p>\n<\/div>\n<div class=\"kc-elm kc-css-182436 divider_line\">\n\t<div class=\"divider_inner divider_line2\">\n\t\t<i class=\"fa-images\"><\/i>\t<\/div>\n<\/div>\n<\/div><\/div><\/div><\/div><\/section><section class=\"kc-elm kc-css-96494 kc_row\"><div class=\"kc-row-container  kc-container\"><div class=\"kc-wrap-columns\"><div class=\"kc-elm kc-css-122416 kc_col-sm-12 kc_column kc_col-sm-12\"><div class=\"kc-col-container\"><div class=\"kc-image-gallery kc-elm kc-css-96094\">\n<div class=\"kc_image_gallery kc-carousel-image kc-grid \" data-image_masonry=\"yes\">\n<div class=\"item-grid grid-3\"><a class=\"kc-image-link kc-pretty-photo\" data-lightbox=\"kc-lightbox\" rel=\"kc-pretty-photo[27701434]\" href=\"http:\/\/oprema-strojevi.com\/wordpress\/wp-content\/uploads\/2018\/10\/Oznacavanje-pozicija.jpg\"><img decoding=\"async\" src=\"http:\/\/oprema-strojevi.com\/wordpress\/wp-content\/uploads\/2018\/10\/Oznacavanje-pozicija-300x200.jpg\" alt=\"\"\/><div class=\"kc-image-overlay\"><i class=\"fa-plus\"><\/i><\/div><\/a><\/div><div class=\"item-grid grid-3\"><a class=\"kc-image-link kc-pretty-photo\" data-lightbox=\"kc-lightbox\" rel=\"kc-pretty-photo[27701434]\" href=\"http:\/\/oprema-strojevi.com\/wordpress\/wp-content\/uploads\/2013\/03\/balansiranje.jpg\"><img decoding=\"async\" src=\"http:\/\/oprema-strojevi.com\/wordpress\/wp-content\/uploads\/2013\/03\/balansiranje-300x225.jpg\" alt=\"\"\/><div class=\"kc-image-overlay\"><i class=\"fa-plus\"><\/i><\/div><\/a><\/div><\/div>\n<\/div><\/div><\/div><\/div><\/div><\/section><\/p>\n","protected":false},"excerpt":{"rendered":"","protected":false},"author":1,"featured_media":0,"parent":2584,"menu_order":0,"comment_status":"closed","ping_status":"closed","template":"","meta":{"footnotes":""},"class_list":["post-2596","page","type-page","status-publish","hentry"],"_links":{"self":[{"href":"http:\/\/oprema-strojevi.com\/wordpress\/wp-json\/wp\/v2\/pages\/2596","targetHints":{"allow":["GET"]}}],"collection":[{"href":"http:\/\/oprema-strojevi.com\/wordpress\/wp-json\/wp\/v2\/pages"}],"about":[{"href":"http:\/\/oprema-strojevi.com\/wordpress\/wp-json\/wp\/v2\/types\/page"}],"author":[{"embeddable":true,"href":"http:\/\/oprema-strojevi.com\/wordpress\/wp-json\/wp\/v2\/users\/1"}],"replies":[{"embeddable":true,"href":"http:\/\/oprema-strojevi.com\/wordpress\/wp-json\/wp\/v2\/comments?post=2596"}],"version-history":[{"count":0,"href":"http:\/\/oprema-strojevi.com\/wordpress\/wp-json\/wp\/v2\/pages\/2596\/revisions"}],"up":[{"embeddable":true,"href":"http:\/\/oprema-strojevi.com\/wordpress\/wp-json\/wp\/v2\/pages\/2584"}],"wp:attachment":[{"href":"http:\/\/oprema-strojevi.com\/wordpress\/wp-json\/wp\/v2\/media?parent=2596"}],"curies":[{"name":"wp","href":"https:\/\/api.w.org\/{rel}","templated":true}]}}