{"id":2600,"date":"2013-03-12T07:57:03","date_gmt":"2013-03-12T07:57:03","guid":{"rendered":"http:\/\/oprema-strojevi.hr\/web\/?page_id=2600"},"modified":"2018-10-02T08:46:27","modified_gmt":"2018-10-02T06:46:27","slug":"oprema-za-konditorsku-industriju","status":"publish","type":"page","link":"http:\/\/oprema-strojevi.com\/wordpress\/oprema-ludbreg\/oprema-za-konditorsku-industriju\/","title":{"rendered":"Oprema za konditorsku industriju"},"content":{"rendered":"<section class=\"kc-elm kc-css-643017 kc_row\"><div class=\"kc-row-container  kc-container\"><div class=\"kc-wrap-columns\"><div class=\"kc-elm kc-css-418176 kc_col-sm-12 kc_column kc_col-sm-12\"><div class=\"kc-col-container\"><div class=\"kc-elm kc-css-797996 kc_text_block\"><\/p>\n<blockquote>\n<p><strong>Projektiranje, izrada, monta\u017ea i pu\u0161tanje u pogon kompletnih proizvodnih linija.<\/strong><br \/>\n<strong><span style=\"font-style: inherit;\">Klikom na naziv saznajte vi\u0161e o grupi proizvoda. Ukoliko nema onoga \u0161to tra\u017eite &#8211; kontaktirajte nas i saznajte \u0161to Vam mo\u017eemo ponuditi&#8230;<\/span><\/strong><\/p>\n<\/blockquote>\n<p>\u2022 <a title=\"Pr\u017eionik kakaovca\" href=\"http:\/\/oprema-strojevi.hr\/web\/oprema-ludbreg\/oprema-za-konditorsku-industriju\/przionik-kakaovca\/\">PR\u017dIONIK KAKAOVCA<\/a><br \/>\n\u2022 <a title=\"Spremnici za \u010dokoladu\" href=\"http:\/\/oprema-strojevi.hr\/web\/oprema-ludbreg\/oprema-za-konditorsku-industriju\/spremnici-za-cokoladu\/\">SPREMNICI ZA \u010cOKOLADU<\/a><br \/>\n\u2022 <a title=\"Pumpe za guste mase i sirupe\" href=\"http:\/\/oprema-strojevi.hr\/web\/oprema-ludbreg\/oprema-za-konditorsku-industriju\/pumpe-za-guste-mase-i-sirupe\/\">PUMPE ZA GUSTE MASE I SIRUPE<\/a><br \/>\n\u2022 <a title=\"Otapa\u010di masti i maslaca\" href=\"http:\/\/oprema-strojevi.hr\/web\/oprema-ludbreg\/oprema-za-konditorsku-industriju\/otapaci-masti-i-maslaca\/\">OTAPA\u010cI MASTI I MASLACA<\/a><br \/>\n\u2022 <a title=\"Kuglaste slavine\" href=\"http:\/\/oprema-strojevi.hr\/web\/oprema-ludbreg\/oprema-za-konditorsku-industriju\/kuglaste-slavine\/\">KUGLASTE SLAVINE<\/a><br \/>\n<a title=\"Linije za uplo\u010davanje kreme i krem proizvoda\" href=\"http:\/\/oprema-strojevi.hr\/web\/oprema-ludbreg\/oprema-za-konditorsku-industriju\/linije-za-uplocavanje-kreme-i-krem-proizvoda\/\">\u2022 LINIJE ZA UPLO\u010cAVANJE KREME I KREM PROIZVODA<\/a><br \/>\n\u2022 <a title=\"Mje\u0161alice \u2013 homogenizatori gustih masa\" href=\"http:\/\/oprema-strojevi.hr\/web\/oprema-ludbreg\/oprema-za-konditorsku-industriju\/mjesalice-homogenizatori-gustih-masa\/\">MJE\u0160ALICE, HOMOGENIZATORI GUSTIH MASA<\/a><br \/>\n\u2022 <a title=\"Valjci za tijesto\" href=\"http:\/\/oprema-strojevi.hr\/web\/oprema-ludbreg\/oprema-za-konditorsku-industriju\/valjci-za-tijesto\/\">VALJCI ZA TIJESTO<\/a><br \/>\n\u2022 <a title=\"Pokretni miksermatik\" href=\"http:\/\/oprema-strojevi.hr\/web\/oprema-ludbreg\/oprema-za-konditorsku-industriju\/pokretni-miksermatik\/\">POKRETNI MIKSERMATIK<\/a><br \/>\n\u2022 DOZATORI<br \/>\n\u2022 <a title=\"Su\u0161ara badema\" href=\"http:\/\/oprema-strojevi.hr\/web\/oprema-ludbreg\/oprema-za-konditorsku-industriju\/susara-badema\/\">SU\u0160ARA BADEMA<\/a><br \/>\n\u2022 <a title=\"Otapa\u010d meda\" href=\"http:\/\/oprema-strojevi.hr\/web\/oprema-ludbreg\/oprema-za-konditorsku-industriju\/otapac-meda\/\">OTAPA\u010c MEDA<\/a><br \/>\n\u2022 TUNELI ZA HLA\u0110ENJE<br \/>\n\u2022 TEMPERIRKA<br \/>\n\u2022 <a title=\"Linije za \u010dokoladiranje gotovih proizvoda\" href=\"http:\/\/oprema-strojevi.hr\/web\/oprema-ludbreg\/oprema-za-konditorsku-industriju\/linije-za-cokoladiranje-gotovih-proizvoda\/\">LINIJA ZA \u010cOKOLADIRANJE GOTOVIH PROIZVODA (&#8220;TUNKIRANJE\")<\/a><br \/>\n\u2022 DUPLIKATORI<br \/>\n\u2022 DUPLOSTIJENI GRIJANI CJEVOVODI<br \/>\n\u2022 <a title=\"Prskalica ulja i masti\" href=\"http:\/\/oprema-strojevi.hr\/web\/oprema-ludbreg\/oprema-za-konditorsku-industriju\/prskalica-ulja-i-masti\/\">PRSKALICA ULJA I MASTI<\/a><br \/>\n\u2022 <a title=\"Pr\u017eionik \u0161e\u0107era\" href=\"http:\/\/oprema-strojevi.hr\/web\/oprema-ludbreg\/oprema-za-konditorsku-industriju\/przionik-secera\/\">PR\u017dIONIK \u0160E\u0106ERA<\/a><br \/>\n\u2022 <a title=\"Stroj za lomljenje pr\u017eenog \u0161e\u0107era\" href=\"http:\/\/oprema-strojevi.hr\/web\/oprema-ludbreg\/oprema-za-konditorsku-industriju\/stroj-za-lomljenje-przenog-secera\/\">LOMA\u010c PR\u017dENOG \u0160E\u0106ERA<\/a><br \/>\n\u2022 <a title=\"Automat za formiranje kutija\" href=\"http:\/\/oprema-strojevi.hr\/web\/oprema-ludbreg\/oprema-za-konditorsku-industriju\/automat-za-formiranje-kutija\/\">AUTOMAT ZA FORMIRANJE KUTIJA<\/a><br \/>\n\u2022 DOZIRNO PAKIRNE LINIJE ZA PRA\u0160KASTE I ZRNATE MATERIJALE<br \/>\n\u2022 SLAGALICE PROIZVODA U PAKETE<br \/>\n\u2022 <a title=\"Strojevi za pakiranje\" href=\"http:\/\/oprema-strojevi.hr\/web\/oprema-ludbreg\/strojevi-za-pakiranje\/\">STROJEVI ZA PAKIRANJE TERMOSKUPLJAJU\u0106OM FOLIJOM<\/a><br \/>\n\u2022 LINIJE ZA TRANSPORT SIROVINA I GOTOVIH PROIZVODA<br \/>\n\u2022 PNEUMOTRANSPORT PRA\u0160KASTIH SIROVINA<br \/>\n\u2022 <a title=\"\u201cKeksomat\u201d\" href=\"http:\/\/oprema-strojevi.hr\/web\/oprema-ludbreg\/oprema-za-konditorsku-industriju\/keksomat\/\">&#8220;KEKSOMAT\"<\/a><br \/>\n\u2022 <a title=\"Linija za rezanje i razdvajanje vafli\" href=\"http:\/\/oprema-strojevi.hr\/web\/oprema-ludbreg\/oprema-za-konditorsku-industriju\/linija-za-rezanje-i-razdvajanje-vafli\/\">REZALICE VAFLI<\/a><br \/>\n\u2022 SLAGALICE REDOVA<br \/>\n\u2022\u00a0<a title=\"Stroj za razvla\u010denje bonbonske mase\" href=\"http:\/\/oprema-strojevi.hr\/web\/oprema-ludbreg\/oprema-za-konditorsku-industriju\/stroj-za-razvlacenje-bonbonske-mase\/\">STROJ ZA RAZVLA\u010cENJE BONBONSKE MASE<\/a><br \/>\n\u2022\u00a0<a title=\"Rotacioni stroj za oblikovanje kola\u010di\u0107a\" href=\"http:\/\/oprema-strojevi.hr\/web\/oprema-ludbreg\/oprema-za-konditorsku-industriju\/rotacioni-stroj-za-oblikovanje-kolacica\/\">ROTACIONI STROJ ZA OBLIKOVANJE KOLA\u010cI\u0106A<\/a><\/p>\n<p>\n<\/div><\/div><\/div><\/div><\/div><\/section>\n","protected":false},"excerpt":{"rendered":"","protected":false},"author":1,"featured_media":0,"parent":2582,"menu_order":0,"comment_status":"closed","ping_status":"closed","template":"","meta":{"footnotes":""},"class_list":["post-2600","page","type-page","status-publish","hentry"],"_links":{"self":[{"href":"http:\/\/oprema-strojevi.com\/wordpress\/wp-json\/wp\/v2\/pages\/2600","targetHints":{"allow":["GET"]}}],"collection":[{"href":"http:\/\/oprema-strojevi.com\/wordpress\/wp-json\/wp\/v2\/pages"}],"about":[{"href":"http:\/\/oprema-strojevi.com\/wordpress\/wp-json\/wp\/v2\/types\/page"}],"author":[{"embeddable":true,"href":"http:\/\/oprema-strojevi.com\/wordpress\/wp-json\/wp\/v2\/users\/1"}],"replies":[{"embeddable":true,"href":"http:\/\/oprema-strojevi.com\/wordpress\/wp-json\/wp\/v2\/comments?post=2600"}],"version-history":[{"count":0,"href":"http:\/\/oprema-strojevi.com\/wordpress\/wp-json\/wp\/v2\/pages\/2600\/revisions"}],"up":[{"embeddable":true,"href":"http:\/\/oprema-strojevi.com\/wordpress\/wp-json\/wp\/v2\/pages\/2582"}],"wp:attachment":[{"href":"http:\/\/oprema-strojevi.com\/wordpress\/wp-json\/wp\/v2\/media?parent=2600"}],"curies":[{"name":"wp","href":"https:\/\/api.w.org\/{rel}","templated":true}]}}