{"id":3376,"date":"2013-06-18T10:48:47","date_gmt":"2013-06-18T09:48:47","guid":{"rendered":"http:\/\/oprema-strojevi.hr\/web\/?page_id=3376"},"modified":"2024-01-06T15:34:31","modified_gmt":"2024-01-06T14:34:31","slug":"stroj-za-lomljenje-przenog-secera","status":"publish","type":"page","link":"http:\/\/oprema-strojevi.com\/wordpress\/oprema-ludbreg\/oprema-za-konditorsku-industriju\/stroj-za-lomljenje-przenog-secera\/","title":{"rendered":"Stroj za lomljenje pr\u017eenog \u0161e\u0107era"},"content":{"rendered":"<p>Stroj za lomljenje pr\u017eenog \u0161e?era tip LP\u0160-500<\/p>\n","protected":false},"excerpt":{"rendered":"<p>Stroj za lomljenje pr\u017eenog \u0161e?era tip LP\u0160-500<\/p>\n","protected":false},"author":1,"featured_media":0,"parent":2600,"menu_order":0,"comment_status":"closed","ping_status":"closed","template":"","meta":{"footnotes":""},"class_list":["post-3376","page","type-page","status-publish","hentry"],"_links":{"self":[{"href":"http:\/\/oprema-strojevi.com\/wordpress\/wp-json\/wp\/v2\/pages\/3376","targetHints":{"allow":["GET"]}}],"collection":[{"href":"http:\/\/oprema-strojevi.com\/wordpress\/wp-json\/wp\/v2\/pages"}],"about":[{"href":"http:\/\/oprema-strojevi.com\/wordpress\/wp-json\/wp\/v2\/types\/page"}],"author":[{"embeddable":true,"href":"http:\/\/oprema-strojevi.com\/wordpress\/wp-json\/wp\/v2\/users\/1"}],"replies":[{"embeddable":true,"href":"http:\/\/oprema-strojevi.com\/wordpress\/wp-json\/wp\/v2\/comments?post=3376"}],"version-history":[{"count":0,"href":"http:\/\/oprema-strojevi.com\/wordpress\/wp-json\/wp\/v2\/pages\/3376\/revisions"}],"up":[{"embeddable":true,"href":"http:\/\/oprema-strojevi.com\/wordpress\/wp-json\/wp\/v2\/pages\/2600"}],"wp:attachment":[{"href":"http:\/\/oprema-strojevi.com\/wordpress\/wp-json\/wp\/v2\/media?parent=3376"}],"curies":[{"name":"wp","href":"https:\/\/api.w.org\/{rel}","templated":true}]}}