{"id":3478,"date":"2013-09-19T12:13:52","date_gmt":"2013-09-19T11:13:52","guid":{"rendered":"http:\/\/oprema-strojevi.hr\/web\/?page_id=3478"},"modified":"2024-01-06T15:37:25","modified_gmt":"2024-01-06T14:37:25","slug":"linija-za-automatsko-doziranje-dzema-marmelade-i-slicnih-proizvoda-u-veca-pakiranja","status":"publish","type":"page","link":"http:\/\/oprema-strojevi.com\/wordpress\/oprema-ludbreg\/oprema-i-postrojenja-za-preradu-voca-i-povrca\/linija-za-automatsko-doziranje-dzema-marmelade-i-slicnih-proizvoda-u-veca-pakiranja\/","title":{"rendered":"Linija za automatsko doziranje d\u017eema, marmelade i sli\u010dnih proizvoda u ve\u0107a pakiranja"},"content":{"rendered":"<p>[jwplayer player=&#8221;1&#8243; playlistid=&#8221;3488&#8243;]<\/p>\n","protected":false},"excerpt":{"rendered":"<p>[jwplayer player=&#8221;1&#8243; playlistid=&#8221;3488&#8243;]<\/p>\n","protected":false},"author":1,"featured_media":0,"parent":2598,"menu_order":0,"comment_status":"closed","ping_status":"closed","template":"","meta":{"footnotes":""},"class_list":["post-3478","page","type-page","status-publish","hentry"],"_links":{"self":[{"href":"http:\/\/oprema-strojevi.com\/wordpress\/wp-json\/wp\/v2\/pages\/3478","targetHints":{"allow":["GET"]}}],"collection":[{"href":"http:\/\/oprema-strojevi.com\/wordpress\/wp-json\/wp\/v2\/pages"}],"about":[{"href":"http:\/\/oprema-strojevi.com\/wordpress\/wp-json\/wp\/v2\/types\/page"}],"author":[{"embeddable":true,"href":"http:\/\/oprema-strojevi.com\/wordpress\/wp-json\/wp\/v2\/users\/1"}],"replies":[{"embeddable":true,"href":"http:\/\/oprema-strojevi.com\/wordpress\/wp-json\/wp\/v2\/comments?post=3478"}],"version-history":[{"count":0,"href":"http:\/\/oprema-strojevi.com\/wordpress\/wp-json\/wp\/v2\/pages\/3478\/revisions"}],"up":[{"embeddable":true,"href":"http:\/\/oprema-strojevi.com\/wordpress\/wp-json\/wp\/v2\/pages\/2598"}],"wp:attachment":[{"href":"http:\/\/oprema-strojevi.com\/wordpress\/wp-json\/wp\/v2\/media?parent=3478"}],"curies":[{"name":"wp","href":"https:\/\/api.w.org\/{rel}","templated":true}]}}