{"id":4130,"date":"2018-09-25T09:59:16","date_gmt":"2018-09-25T07:59:16","guid":{"rendered":"http:\/\/oprema-strojevi.com\/wordpress\/?page_id=4130"},"modified":"2019-01-26T12:19:26","modified_gmt":"2019-01-26T11:19:26","slug":"povrsinska-zastita","status":"publish","type":"page","link":"http:\/\/oprema-strojevi.com\/wordpress\/usluge\/povrsinska-zastita\/","title":{"rendered":"Povr\u0161inska za\u0161tita"},"content":{"rendered":"<section class=\"kc-elm kc-css-653247 kc_row\"><div class=\"kc-row-container  kc-container\"><div class=\"kc-wrap-columns\"><div class=\"kc-elm kc-css-784768 kc_col-sm-12 kc_column kc_col-sm-12\"><div class=\"kc-col-container\"><div class=\"kc-elm kc-css-694253 kc-feature-boxes kc-fb-layout-3\">\n\n\t<div class=\"content-icon\"><i class=\"et-paintbrush\"><\/i><\/div><div class=\"box-right\"><div class=\"content-title\">POVR\u0160INSKA ZA\u0160TITA<\/div><div class=\"content-desc\">Na\u0161im kupcima nudimo veliki broj razli\u010ditih prevlaka i vrsta za\u0161tite povr\u0161ine. \r\n<\/div><\/div>\n<\/div>\n<div class=\"kc-elm kc-css-712010 kc_text_block\"><p style=\"padding-left: 60px;\"><span style=\"font-style: inherit;\">\u2022<\/span><span style=\"font-style: inherit;\"> <\/span><span style=\"font-style: inherit;\">Sa\u010dmarenje \u010deli\u010dnom sa\u010dmom<\/span><\/p>\n<p style=\"padding-left: 60px;\"><span style=\"font-style: inherit;\">\u2022<\/span> <span style=\"font-style: inherit;\">Lakiranje<\/span><\/p>\n<p style=\"padding-left: 60px;\"><span style=\"font-style: inherit;\">\u2022<\/span> <span style=\"font-style: inherit;\">Cin\u010danje<\/span><\/p>\n<p style=\"padding-left: 60px;\">\u2022 Niklanje<\/p>\n<p style=\"padding-left: 60px;\">\u2022 Bruniranje<\/p>\n<p style=\"padding-left: 60px;\">\u2022 Mangansko fosfatiranje<\/p>\n<p style=\"padding-left: 60px;\">\u2022 Eloksiranje (aluminij)<\/p>\n<p style=\"padding-left: 60px;\">\u2022Tvrdo eloksiranje<\/p>\n<p style=\"padding-left: 60px;\">\u2022 Kromiranje<\/p>\n<p style=\"padding-left: 60px;\">\u2022 Tvrdo kromiranje<\/p>\n<p style=\"padding-left: 60px;\">\u2022 Plastifikacija<\/p>\n<p style=\"padding-left: 60px;\">\u2022 Toplinske obrade<\/p>\n<p style=\"padding-left: 60px;\">\u2022 Ostale prevlake i obrade<\/p>\n<div><\/div><\/p>\n<\/div>\n<div class=\"kc-elm kc-css-736145 divider_line\">\n\t<div class=\"divider_inner divider_line2\">\n\t\t<i class=\"fa-images\"><\/i>\t<\/div>\n<\/div>\n<div class=\"kc-image-gallery kc-elm kc-css-945844\">\n<div class=\"kc_image_gallery kc-carousel-image kc-grid \" data-image_masonry=\"yes\">\n<div class=\"item-grid grid-3\"><a class=\"kc-image-link kc-pretty-photo\" data-lightbox=\"kc-lightbox\" rel=\"kc-pretty-photo[17736447]\" href=\"http:\/\/oprema-strojevi.com\/wordpress\/wp-content\/uploads\/2019\/01\/PZ_002.jpg\"><img decoding=\"async\" src=\"http:\/\/oprema-strojevi.com\/wordpress\/wp-content\/uploads\/2019\/01\/PZ_002-300x240.jpg\" alt=\"\"\/><div class=\"kc-image-overlay\"><i class=\"fa-plus\"><\/i><\/div><\/a><\/div><div class=\"item-grid grid-3\"><a class=\"kc-image-link kc-pretty-photo\" data-lightbox=\"kc-lightbox\" rel=\"kc-pretty-photo[17736447]\" href=\"http:\/\/oprema-strojevi.com\/wordpress\/wp-content\/uploads\/2019\/01\/PZ_001.jpg\"><img decoding=\"async\" src=\"http:\/\/oprema-strojevi.com\/wordpress\/wp-content\/uploads\/2019\/01\/PZ_001-300x240.jpg\" alt=\"\"\/><div class=\"kc-image-overlay\"><i class=\"fa-plus\"><\/i><\/div><\/a><\/div><div class=\"item-grid grid-3\"><a class=\"kc-image-link kc-pretty-photo\" data-lightbox=\"kc-lightbox\" rel=\"kc-pretty-photo[17736447]\" href=\"http:\/\/oprema-strojevi.com\/wordpress\/wp-content\/uploads\/2019\/01\/PZ_004.jpg\"><img decoding=\"async\" src=\"http:\/\/oprema-strojevi.com\/wordpress\/wp-content\/uploads\/2019\/01\/PZ_004-300x240.jpg\" alt=\"\"\/><div class=\"kc-image-overlay\"><i class=\"fa-plus\"><\/i><\/div><\/a><\/div><div class=\"item-grid grid-3\"><a class=\"kc-image-link kc-pretty-photo\" data-lightbox=\"kc-lightbox\" rel=\"kc-pretty-photo[17736447]\" href=\"http:\/\/oprema-strojevi.com\/wordpress\/wp-content\/uploads\/2019\/01\/PZ_003a.jpg\"><img decoding=\"async\" src=\"http:\/\/oprema-strojevi.com\/wordpress\/wp-content\/uploads\/2019\/01\/PZ_003a-300x240.jpg\" alt=\"\"\/><div class=\"kc-image-overlay\"><i class=\"fa-plus\"><\/i><\/div><\/a><\/div><div class=\"item-grid grid-3\"><a class=\"kc-image-link kc-pretty-photo\" data-lightbox=\"kc-lightbox\" rel=\"kc-pretty-photo[17736447]\" href=\"http:\/\/oprema-strojevi.com\/wordpress\/wp-content\/uploads\/2018\/10\/IMG_7015.jpg\"><img decoding=\"async\" src=\"http:\/\/oprema-strojevi.com\/wordpress\/wp-content\/uploads\/2018\/10\/IMG_7015-300x200.jpg\" alt=\"\"\/><div class=\"kc-image-overlay\"><i class=\"fa-plus\"><\/i><\/div><\/a><\/div><div class=\"item-grid grid-3\"><a class=\"kc-image-link kc-pretty-photo\" data-lightbox=\"kc-lightbox\" rel=\"kc-pretty-photo[17736447]\" href=\"http:\/\/oprema-strojevi.com\/wordpress\/wp-content\/uploads\/2018\/10\/IMG_6960-2.jpg\"><img decoding=\"async\" src=\"http:\/\/oprema-strojevi.com\/wordpress\/wp-content\/uploads\/2018\/10\/IMG_6960-2-200x300.jpg\" alt=\"\"\/><div class=\"kc-image-overlay\"><i class=\"fa-plus\"><\/i><\/div><\/a><\/div><\/div>\n<\/div><\/div><\/div><\/div><\/div><\/section><!-- \/wp:post-content -->","protected":false},"excerpt":{"rendered":"","protected":false},"author":1,"featured_media":0,"parent":2584,"menu_order":0,"comment_status":"closed","ping_status":"closed","template":"","meta":{"footnotes":""},"class_list":["post-4130","page","type-page","status-publish","hentry"],"_links":{"self":[{"href":"http:\/\/oprema-strojevi.com\/wordpress\/wp-json\/wp\/v2\/pages\/4130","targetHints":{"allow":["GET"]}}],"collection":[{"href":"http:\/\/oprema-strojevi.com\/wordpress\/wp-json\/wp\/v2\/pages"}],"about":[{"href":"http:\/\/oprema-strojevi.com\/wordpress\/wp-json\/wp\/v2\/types\/page"}],"author":[{"embeddable":true,"href":"http:\/\/oprema-strojevi.com\/wordpress\/wp-json\/wp\/v2\/users\/1"}],"replies":[{"embeddable":true,"href":"http:\/\/oprema-strojevi.com\/wordpress\/wp-json\/wp\/v2\/comments?post=4130"}],"version-history":[{"count":0,"href":"http:\/\/oprema-strojevi.com\/wordpress\/wp-json\/wp\/v2\/pages\/4130\/revisions"}],"up":[{"embeddable":true,"href":"http:\/\/oprema-strojevi.com\/wordpress\/wp-json\/wp\/v2\/pages\/2584"}],"wp:attachment":[{"href":"http:\/\/oprema-strojevi.com\/wordpress\/wp-json\/wp\/v2\/media?parent=4130"}],"curies":[{"name":"wp","href":"https:\/\/api.w.org\/{rel}","templated":true}]}}