{"id":2576,"date":"2013-03-12T07:45:53","date_gmt":"2013-03-12T07:45:53","guid":{"rendered":"http:\/\/oprema-strojevi.hr\/web\/?page_id=2576"},"modified":"2024-01-06T15:27:06","modified_gmt":"2024-01-06T14:27:06","slug":"upravljanje-kvalitetom","status":"publish","type":"page","link":"https:\/\/oprema-strojevi.com\/wordpress\/o-nama\/sustav-kvalitete\/upravljanje-kvalitetom\/","title":{"rendered":"Upravljanje kvalitetom"},"content":{"rendered":"<p style=\"text-align: justify;\">Sukladno poslovnoj politici i usmjerenosti tvrtke prema kupcu donosim slijede?u:<\/p>\n<h3 style=\"text-align: center;\">\u00a0<b>Politiku kvalitete<\/b><\/h3>\n<p style=\"text-align: justify;\">Trajnim unapre?ivanjem kvalitete svojih proizvoda, razvojem novih proizvoda, te primjenom visokih standarda sigurnosti, kao i zakonskih i ostalih propisa, \u017eelimo postati prepoznatljiva tvrtka u podru?ju proizvodnje dijelova strojeva za partnere, kao i strojeva i opreme za procesnu industriju.<\/p>\n<p style=\"text-align: justify;\">Pru\u017eanjem kvalitetnih usluga izrade dijelova strojeva prema dokumentaciji i zahtjevu kupca te dorade proizvoda u vlasni\u0161tvu kupca, \u017eelimo poja?ati poslovnu suradnju u proizvodnji dijelova za partnere u zemlji i inozemstvu.<\/p>\n<p style=\"text-align: justify;\">Stalnim pobolj\u0161anjem proizvodnje i kontrole kvalitete, i s time postizanjem maksimalnog povjerenja kupaca, \u017eelimo prona?i strate\u0161ke partnere u inozemstvu za izradu dijelova strojeva, kako bismo imali vi\u0161egodi\u0161nju stabilnu suradnju.<\/p>\n<p>Kako bismo to ostvarili \u017eelimo:<\/p>\n<ol>\n<li>Unaprijediti odnose prema dobavlja?ima roba i usluga s ciljem potpunog ovladavanja ulaznom razinom kvalitete.<\/li>\n<li>Ovladati uzrocima nesukladnosti i uz njih vezanih tro\u0161kova kvalitete.<\/li>\n<li>Primjenom principa sustava kvalitete utjecati na op?e unapre?enje kvalitete poslovanja, a radi sustavne prevencije posljedica rizi?nih okolnosti u svim podru?jima rada.<\/li>\n<li>Unapre?enjem i stalnom primjenom sustava upravljanja kvalitetom osigurati prepoznatljivu kvalitetu vlastitih proizvoda sa ciljem zadovoljstva kupaca, a time i pove?anje prodaje na\u0161ih proizvoda<\/li>\n<li>Uvo\u0111enjem statisti\u010dkih metoda u upravljanje kvalitetom poslovanja unaprijediti ukupnu pouzdanost procesa, osigurati pobolj\u0161anu kvalitetu proizvoda, te br\u017ee i lak\u0161e pra\u0107enje i predvi\u0111anje svih poslovnih doga\u0111aja.<\/li>\n<\/ol>\n<p>U?inkovitost visokih internih standarda kvalitete rada i upravljanja u na\u0161im je\u00a0rukama.<br \/>\nOstvarivanje ciljeva kvalitete sukladno ovoj Politici je odgovornost Uprave.\u00a0Odnos prema kvaliteti briga je svih zaposlenih.<\/p>\n<p align=\"right\">Predsjednik Uprave\/Direktor:<br \/>\nAntun Lovrec<\/p>\n<p style=\"text-align: center;\">Ludbreg, sije\u010danj 2018.<br \/>\n<i>Izdanje IV<\/i><\/p>\n","protected":false},"excerpt":{"rendered":"<p>Sukladno poslovnoj politici i usmjerenosti tvrtke prema kupcu donosim slijede?u: \u00a0Politiku kvalitete Trajnim unapre?ivanjem kvalitete svojih proizvoda, razvojem novih proizvoda, te primjenom visokih standarda sigurnosti, kao i zakonskih i ostalih propisa, \u017eelimo postati prepoznatljiva tvrtka u podru?ju proizvodnje dijelova strojeva za partnere, kao i strojeva i opreme za procesnu industriju. Pru\u017eanjem kvalitetnih usluga izrade dijelova<\/p>\n","protected":false},"author":1,"featured_media":0,"parent":2572,"menu_order":0,"comment_status":"closed","ping_status":"closed","template":"","meta":{"footnotes":""},"class_list":["post-2576","page","type-page","status-publish","hentry"],"_links":{"self":[{"href":"https:\/\/oprema-strojevi.com\/wordpress\/wp-json\/wp\/v2\/pages\/2576","targetHints":{"allow":["GET"]}}],"collection":[{"href":"https:\/\/oprema-strojevi.com\/wordpress\/wp-json\/wp\/v2\/pages"}],"about":[{"href":"https:\/\/oprema-strojevi.com\/wordpress\/wp-json\/wp\/v2\/types\/page"}],"author":[{"embeddable":true,"href":"https:\/\/oprema-strojevi.com\/wordpress\/wp-json\/wp\/v2\/users\/1"}],"replies":[{"embeddable":true,"href":"https:\/\/oprema-strojevi.com\/wordpress\/wp-json\/wp\/v2\/comments?post=2576"}],"version-history":[{"count":0,"href":"https:\/\/oprema-strojevi.com\/wordpress\/wp-json\/wp\/v2\/pages\/2576\/revisions"}],"up":[{"embeddable":true,"href":"https:\/\/oprema-strojevi.com\/wordpress\/wp-json\/wp\/v2\/pages\/2572"}],"wp:attachment":[{"href":"https:\/\/oprema-strojevi.com\/wordpress\/wp-json\/wp\/v2\/media?parent=2576"}],"curies":[{"name":"wp","href":"https:\/\/api.w.org\/{rel}","templated":true}]}}