{"id":2578,"date":"2013-03-12T07:46:17","date_gmt":"2013-03-12T07:46:17","guid":{"rendered":"http:\/\/oprema-strojevi.hr\/web\/?page_id=2578"},"modified":"2024-01-06T15:27:44","modified_gmt":"2024-01-06T14:27:44","slug":"upravljanje-zastitom-okolisa","status":"publish","type":"page","link":"https:\/\/oprema-strojevi.com\/wordpress\/o-nama\/sustav-kvalitete\/upravljanje-zastitom-okolisa\/","title":{"rendered":"Upravljanje za\u0161titom okoli\u0161a"},"content":{"rendered":"<p style=\"text-align: justify;\">Oprema-strojevi d.d. \u2013 vode?a tvrtka za proizvodnju strojeva i ure?aja za prehrambenu, procesnu industriju i pneumotransport ima viziju odgovornog upravljanja za\u0161titom okoli\u0161a i odgovornog pona\u0161anja prema dru\u0161tvenoj zajednici postizanjem poslovnog uspjeha i zadovoljstva svih zainteresiranih strana, i stoga donosi:<\/p>\n<h3 align=\"center\"><b>Politiku upravljanja okoli\u0161em<\/b><\/h3>\n<p style=\"text-align: justify;\">Oprema-strojevi d.d. uspostavom sustava upravljanja okoli\u0161em koji obuhva?a cijelu organizaciju opredijelila se za:<\/p>\n<ul>\n<li style=\"list-style-type: none;\">&#8211; rad u skladu sa zakonskim i ostalim zahtjevima koji se odnose na za\u0161titu okoli\u0161a i na aspekte okoli\u0161a u svim na\u0161im djelatnostima<\/li>\n<\/ul>\n<ul>\n<li style=\"list-style-type: none;\">&#8211; provo?enje mjera za\u0161tite okoli\u0161a pra?enjem, nadzorom te trajnim pobolj\u0161anjem svih procesa<\/li>\n<\/ul>\n<ul>\n<li style=\"list-style-type: none;\">&#8211; neprestano provo?enje aktivnosti na prevenciji i procjeni rizika uzroka utjecaja na okoli\u0161 u svrhu eliminacije mogu?eg akcidenta<\/li>\n<\/ul>\n<ul>\n<li style=\"list-style-type: none;\">&#8211; razumijevanje, predvi?anje i u?inkovito reagiranje na zahtjeve zainteresiranih strana<\/li>\n<\/ul>\n<ul>\n<li style=\"list-style-type: none;\">&#8211; ulaganje u ljudske resurse i znanje i pobolj\u0161avanje interne i eksterne komunikacije<\/li>\n<li style=\"list-style-type: none;\">&#8211; pra?enje, mjerenje i kontinuirano izvje\u0161tavanje zainteresiranih strana o postignu?ima u za\u0161titi okoli\u0161a.<\/li>\n<li style=\"list-style-type: none;\">&#8211; redovitu procjenu sukladnosti sa zakonskim propisima i zahtjevima norme.<\/li>\n<\/ul>\n<p align=\"right\">Predsjednik Uprave\/Direktor:<br \/>\nLovrec Antun<\/p>\n<p style=\"text-align: center;\">Ludbreg, svibanj 2018.<br \/>\nIzdanje II<\/p>\n","protected":false},"excerpt":{"rendered":"<p>Oprema-strojevi d.d. \u2013 vode?a tvrtka za proizvodnju strojeva i ure?aja za prehrambenu, procesnu industriju i pneumotransport ima viziju odgovornog upravljanja za\u0161titom okoli\u0161a i odgovornog pona\u0161anja prema dru\u0161tvenoj zajednici postizanjem poslovnog uspjeha i zadovoljstva svih zainteresiranih strana, i stoga donosi: Politiku upravljanja okoli\u0161em Oprema-strojevi d.d. uspostavom sustava upravljanja okoli\u0161em koji obuhva?a cijelu organizaciju opredijelila se za:<\/p>\n","protected":false},"author":1,"featured_media":0,"parent":2572,"menu_order":0,"comment_status":"closed","ping_status":"closed","template":"","meta":{"footnotes":""},"class_list":["post-2578","page","type-page","status-publish","hentry"],"_links":{"self":[{"href":"https:\/\/oprema-strojevi.com\/wordpress\/wp-json\/wp\/v2\/pages\/2578","targetHints":{"allow":["GET"]}}],"collection":[{"href":"https:\/\/oprema-strojevi.com\/wordpress\/wp-json\/wp\/v2\/pages"}],"about":[{"href":"https:\/\/oprema-strojevi.com\/wordpress\/wp-json\/wp\/v2\/types\/page"}],"author":[{"embeddable":true,"href":"https:\/\/oprema-strojevi.com\/wordpress\/wp-json\/wp\/v2\/users\/1"}],"replies":[{"embeddable":true,"href":"https:\/\/oprema-strojevi.com\/wordpress\/wp-json\/wp\/v2\/comments?post=2578"}],"version-history":[{"count":0,"href":"https:\/\/oprema-strojevi.com\/wordpress\/wp-json\/wp\/v2\/pages\/2578\/revisions"}],"up":[{"embeddable":true,"href":"https:\/\/oprema-strojevi.com\/wordpress\/wp-json\/wp\/v2\/pages\/2572"}],"wp:attachment":[{"href":"https:\/\/oprema-strojevi.com\/wordpress\/wp-json\/wp\/v2\/media?parent=2578"}],"curies":[{"name":"wp","href":"https:\/\/api.w.org\/{rel}","templated":true}]}}