{"id":2580,"date":"2013-03-12T07:46:44","date_gmt":"2013-03-12T07:46:44","guid":{"rendered":"http:\/\/oprema-strojevi.hr\/web\/?page_id=2580"},"modified":"2025-10-23T18:50:17","modified_gmt":"2025-10-23T16:50:17","slug":"certifikati","status":"publish","type":"page","link":"https:\/\/oprema-strojevi.com\/wordpress\/o-nama\/sustav-kvalitete\/certifikati\/","title":{"rendered":"Certifikati"},"content":{"rendered":"<section class=\"kc-elm kc-css-935562 kc_row\"><div class=\"kc-row-container  kc-container\"><div class=\"kc-wrap-columns\"><div class=\"kc-elm kc-css-405590 kc_col-sm-12 kc_column kc_col-sm-12\"><div class=\"kc-col-container\"><div class=\"kc-elm kc-css-556368 kc_text_block\"><\/p>\n<p style=\"text-align: justify;\">U \u017eelji da na\u0161im kupcima jam\u010dimo kvalitetu na\u0161ih proizvoda, 2006. godine smo uveli sustav kvalitete ISO 9001:2000, a 2009. godine smo recertificirali sustav s prijelazom na ISO 9001:2008, koji uspje\u0161no primjenjujemo. U sije\u010dnju 2011. smo uspje\u0161no uveli i sustav upravljanja za\u0161titom okoli\u0161a ISO 14001:2004.<\/p>\n<p style=\"text-align: justify;\">2018. godine poduze\u0107e je certificirano prema novoj normi ISO 9001:2015 Sustavi upravljanja kvalitetom i ISO 14001:2015 Sustavi upravljanja za\u0161titom okoli\u0161a. Sustav upravljanja okoli\u0161om vi\u0161e ne certificiramo.<\/p>\n<p>\n<\/div>\n<div class=\"kc-elm kc-css-445284 divider_line\">\n\t<div class=\"divider_inner divider_line2\">\n\t\t<i class=\"fa-images\"><\/i>\t<\/div>\n<\/div>\n<div class=\"kc-image-gallery kc-elm kc-css-171426\">\n<div class=\"kc_image_gallery kc-carousel-image kc-grid \">\n<div class=\"item-grid grid-5\"><a class=\"kc-image-link kc-pretty-photo\" data-lightbox=\"kc-lightbox\" rel=\"kc-pretty-photo[16414486]\" href=\"https:\/\/oprema-strojevi.com\/wordpress\/wp-content\/uploads\/2023\/10\/Certificate-HR008593-Item-1-7HYW5XA-pdf.jpg\"><img decoding=\"async\" src=\"https:\/\/oprema-strojevi.com\/wordpress\/wp-content\/uploads\/2023\/10\/Certificate-HR008593-Item-1-7HYW5XA-pdf-212x300.jpg\" alt=\"\"\/><div class=\"kc-image-overlay\"><i class=\"fa-plus\"><\/i><\/div><\/a><\/div><div class=\"item-grid grid-5\"><a class=\"kc-image-link kc-pretty-photo\" data-lightbox=\"kc-lightbox\" rel=\"kc-pretty-photo[16414486]\" href=\"https:\/\/oprema-strojevi.com\/wordpress\/wp-content\/uploads\/2023\/10\/Certificate-HR008593-Item-1-7HYW5X7-pdf.jpg\"><img decoding=\"async\" src=\"https:\/\/oprema-strojevi.com\/wordpress\/wp-content\/uploads\/2023\/10\/Certificate-HR008593-Item-1-7HYW5X7-pdf-212x300.jpg\" alt=\"\"\/><div class=\"kc-image-overlay\"><i class=\"fa-plus\"><\/i><\/div><\/a><\/div><div class=\"item-grid grid-5\"><a class=\"kc-image-link kc-pretty-photo\" data-lightbox=\"kc-lightbox\" rel=\"kc-pretty-photo[16414486]\" href=\"https:\/\/oprema-strojevi.com\/wordpress\/wp-content\/uploads\/2023\/10\/Certificate-HR008592-Item-1-7HYW5WY-pdf.jpg\"><img decoding=\"async\" src=\"https:\/\/oprema-strojevi.com\/wordpress\/wp-content\/uploads\/2023\/10\/Certificate-HR008592-Item-1-7HYW5WY-pdf-212x300.jpg\" alt=\"\"\/><div class=\"kc-image-overlay\"><i class=\"fa-plus\"><\/i><\/div><\/a><\/div><\/div>\n<\/div><\/div><\/div><\/div><\/div><\/section>\n","protected":false},"excerpt":{"rendered":"","protected":false},"author":1,"featured_media":0,"parent":2572,"menu_order":0,"comment_status":"closed","ping_status":"closed","template":"","meta":{"footnotes":""},"class_list":["post-2580","page","type-page","status-publish","hentry"],"_links":{"self":[{"href":"https:\/\/oprema-strojevi.com\/wordpress\/wp-json\/wp\/v2\/pages\/2580","targetHints":{"allow":["GET"]}}],"collection":[{"href":"https:\/\/oprema-strojevi.com\/wordpress\/wp-json\/wp\/v2\/pages"}],"about":[{"href":"https:\/\/oprema-strojevi.com\/wordpress\/wp-json\/wp\/v2\/types\/page"}],"author":[{"embeddable":true,"href":"https:\/\/oprema-strojevi.com\/wordpress\/wp-json\/wp\/v2\/users\/1"}],"replies":[{"embeddable":true,"href":"https:\/\/oprema-strojevi.com\/wordpress\/wp-json\/wp\/v2\/comments?post=2580"}],"version-history":[{"count":3,"href":"https:\/\/oprema-strojevi.com\/wordpress\/wp-json\/wp\/v2\/pages\/2580\/revisions"}],"predecessor-version":[{"id":4822,"href":"https:\/\/oprema-strojevi.com\/wordpress\/wp-json\/wp\/v2\/pages\/2580\/revisions\/4822"}],"up":[{"embeddable":true,"href":"https:\/\/oprema-strojevi.com\/wordpress\/wp-json\/wp\/v2\/pages\/2572"}],"wp:attachment":[{"href":"https:\/\/oprema-strojevi.com\/wordpress\/wp-json\/wp\/v2\/media?parent=2580"}],"curies":[{"name":"wp","href":"https:\/\/api.w.org\/{rel}","templated":true}]}}