{"id":2598,"date":"2013-03-12T07:56:41","date_gmt":"2013-03-12T07:56:41","guid":{"rendered":"http:\/\/oprema-strojevi.hr\/web\/?page_id=2598"},"modified":"2018-10-02T08:36:20","modified_gmt":"2018-10-02T06:36:20","slug":"oprema-i-postrojenja-za-preradu-voca-i-povrca","status":"publish","type":"page","link":"https:\/\/oprema-strojevi.com\/wordpress\/oprema-ludbreg\/oprema-i-postrojenja-za-preradu-voca-i-povrca\/","title":{"rendered":"Oprema za preradu vo\u0107a i povr\u0107a"},"content":{"rendered":"<section class=\"kc-elm kc-css-107601 kc_row\"><div class=\"kc-row-container  kc-container\"><div class=\"kc-wrap-columns\"><div class=\"kc-elm kc-css-519374 kc_col-sm-12 kc_column kc_col-sm-12\"><div class=\"kc-col-container\"><div class=\"kc-elm kc-css-772812 kc_text_block\"><\/p>\n<blockquote>\n<p><strong>Projektiranje, izrada, monta\u017ea i pu\u0161tanje u pogon kompletnih proizvodnih linija.<\/strong><br \/>\n<strong>Klikom na naziv saznajte vi\u0161e o grupi proizvoda. Ukoliko nema onoga \u0161to tra\u017eite &#8211; kontaktirajte nas i saznajte vi\u0161e&#8230;<\/strong><\/p>\n<\/blockquote>\n<p>\u2022 <a title=\"Linije za pranje vo\u0107a i povr\u0107a\" href=\"http:\/\/oprema-strojevi.hr\/web\/oprema-ludbreg\/oprema-i-postrojenja-za-preradu-voca-i-povrca\/linije-za-pranje-voca-i-povrca\/\">LINIJE ZA PRANJE VO\u0106A I POVR\u0106A<\/a><br \/>\n\u2022 <a title=\"Linije za preradu gljiva\" href=\"http:\/\/oprema-strojevi.hr\/web\/oprema-ludbreg\/oprema-i-postrojenja-za-preradu-voca-i-povrca\/linije-za-preradu-gljiva\/\">LINIJE ZA PRERADU GLJIVA<\/a><br \/>\n\u2022 <a title=\"Linije za preradu paprike\" href=\"http:\/\/oprema-strojevi.hr\/web\/oprema-ludbreg\/oprema-i-postrojenja-za-preradu-voca-i-povrca\/linije-za-preradu-paprike\/\">LINIJE ZA PRERADU PAPRIKE<\/a><br \/>\n\u2022 <a title=\"Linija za kuhanje i guljenje cikle\" href=\"http:\/\/oprema-strojevi.hr\/web\/oprema-ludbreg\/oprema-i-postrojenja-za-preradu-voca-i-povrca\/linija-za-kuhanje-i-guljenje-cikle\/\">LINIJE ZA KUHANJE I GULJENJE CIKLE<\/a><br \/>\n\u2022 <a title=\"Linije za kontinuirano pranje staklenki\" href=\"http:\/\/oprema-strojevi.hr\/web\/oprema-ludbreg\/oprema-i-postrojenja-za-preradu-voca-i-povrca\/linije-za-kontinuirano-pranje-staklenki\/\">LINIJE ZA KONTINUIRANO PRANJE STAKLENKI<\/a><br \/>\n\u2022 <a title=\"Linije za su\u0161enje staklenki\" href=\"http:\/\/oprema-strojevi.hr\/web\/oprema-ludbreg\/oprema-i-postrojenja-za-preradu-voca-i-povrca\/linije-za-susenje-staklenki\/\">LINIJE ZA SU\u0160ENJE STAKLENKI<\/a><br \/>\n\u2022 LINIJE ZA OBRADU POVR\u0106A<br \/>\n\u2022 <a title=\"Mlin za povr\u0107e u procesu proizvodnje ajvara\" href=\"http:\/\/oprema-strojevi.hr\/web\/oprema-ludbreg\/oprema-i-postrojenja-za-preradu-voca-i-povrca\/mlin-za-povrce-u-procesu-proizvodnje-ajvara\/\">MLIN ZA POVR\u0106E U PROCESU PROIZVODNJE AJVARA<\/a><br \/>\n\u2022 <a title=\"Linija za automatsko doziranje ajvara\" href=\"http:\/\/oprema-strojevi.hr\/web\/oprema-ludbreg\/oprema-i-postrojenja-za-preradu-voca-i-povrca\/linija-za-automatsko-doziranje-ajvara\/\">LINIJA ZA AUTOMATSKO DOZIRANJE AJVARA<br \/>\n<\/a><a title=\"Linija za automatsko doziranje d\u017eema, marmelade i sli\u010dnih proizvoda u ve\u0107a pakiranja\" href=\"http:\/\/oprema-strojevi.hr\/web\/oprema-ludbreg\/oprema-i-postrojenja-za-preradu-voca-i-povrca\/linija-za-automatsko-doziranje-dzema-marmelade-i-slicnih-proizvoda-u-veca-pakiranja\/\">\u2022\u00a0LINIJA ZA AUTOMATSKO DOZIRANJE D\u017dEMA MARMELADE I SLI\u010cNIH PROIZVODA U VE\u0106A PAKIRANJA<\/a><br \/>\n\u2022 URE\u0110AJ ZA PASTERIZACIJU<br \/>\n\u2022 <a title=\"Ure\u0111aj za sortiranje (kalibriranje) krastavaca i cikle\" href=\"http:\/\/oprema-strojevi.hr\/web\/oprema-ludbreg\/oprema-i-postrojenja-za-preradu-voca-i-povrca\/uredaj-za-sortiranje-kalibriranje-krastavaca-i-cikle\/\">URE\u0110AJ ZA SORTIRANJE (KALIBRIRANJE) KRASTAVACA I CIKLE<\/a><br \/>\n\u2022 <a title=\"Punilica krastavaca\" href=\"http:\/\/oprema-strojevi.hr\/web\/oprema-ludbreg\/oprema-i-postrojenja-za-preradu-voca-i-povrca\/punilica-krastavaca\/\">PUNILICA KRASTAVACA<\/a><br \/>\n\u2022 <a title=\"Stanica za pripremu naljeva\" href=\"http:\/\/oprema-strojevi.hr\/web\/oprema-ludbreg\/oprema-i-postrojenja-za-preradu-voca-i-povrca\/stanica-za-pripremu-naljeva\/\">STANICA ZA PRIPREMU NALJEVA<\/a><br \/>\n\u2022 SPREMNICI RAZNIH VRSTA I NAMJENA<br \/>\n\u2022 DUPLIKATORI SVIH VRSTA<br \/>\n\u2022 <a title=\"Dozatori za suhe i svje\u017ee za\u010dine\" href=\"http:\/\/oprema-strojevi.hr\/web\/oprema-ludbreg\/oprema-i-postrojenja-za-preradu-voca-i-povrca\/dozatori-za-suhe-i-svjeze-zacine\/\">DOZATORI ZA SUHE I SVJE\u017dE ZA\u010cINE<\/a><br \/>\n\u2022 LINIJE ZA TRANSPORT SIROVINA I GOTOVIH PROIZVODA<br \/>\n\u2022 URE\u0110AJI I OPREMA ZA PNEUMOTRANSPORT PRA\u0160KASTIH SIROVINA<br \/>\n\u2022 DOZIRNO-PAKIRNE LINIJE TIPA &#8220;DPL\" (DOZIRANJE I ZATVARANJE LIMENKI)<br \/>\n\u2022 SLAGALICE PROIZVODA U PAKETE<br \/>\n\u2022 STROJEVI ZA PAKIRANJE TERMOSKUPLJAJU\u0106OM FOLIJOM<br \/>\n\u2022 <a title=\"Depaletizator i paletizator\" href=\"http:\/\/oprema-strojevi.hr\/web\/oprema-ludbreg\/oprema-i-postrojenja-za-preradu-voca-i-povrca\/depaletizator-i-paletizator\/\">DEPALETIZATOR<\/a><br \/>\n\u2022\u00a0<a title=\"Linija za pranje i odvagivanje korijenastog povr\u0107a\" href=\"http:\/\/oprema-strojevi.hr\/web\/oprema-ludbreg\/oprema-i-postrojenja-za-preradu-voca-i-povrca\/linija-za-pranje-i-odvagivanje-korijenastog-povrca\/\">LINIJA ZA PRANJE I ODVAGIVANJE KORIJENASTOG POVR\u0106A<\/a><br \/>\n\u2022 <a title=\"Rezalice povr\u0107a\" href=\"http:\/\/oprema-strojevi.hr\/web\/oprema-ludbreg\/oprema-i-postrojenja-za-preradu-voca-i-povrca\/rezalice-povrca\/\">REZALICE POVR\u0106A<\/a><\/p>\n<p>Projektiranje, izrada, monta\u017ea i pu\u0161tanje u pogon kompletnih proizvodnih linija:<br \/>\n&#8211;\u00a0proizvodnja sokova iz vo\u0107a<br \/>\n&#8211; proizvodnja ajvara<br \/>\n&#8211; prerada gra\u0161ka<\/p>\n<p>\n<\/div><\/div><\/div><\/div><\/div><\/section>\n","protected":false},"excerpt":{"rendered":"","protected":false},"author":1,"featured_media":0,"parent":2582,"menu_order":0,"comment_status":"closed","ping_status":"closed","template":"","meta":{"footnotes":""},"class_list":["post-2598","page","type-page","status-publish","hentry"],"_links":{"self":[{"href":"https:\/\/oprema-strojevi.com\/wordpress\/wp-json\/wp\/v2\/pages\/2598","targetHints":{"allow":["GET"]}}],"collection":[{"href":"https:\/\/oprema-strojevi.com\/wordpress\/wp-json\/wp\/v2\/pages"}],"about":[{"href":"https:\/\/oprema-strojevi.com\/wordpress\/wp-json\/wp\/v2\/types\/page"}],"author":[{"embeddable":true,"href":"https:\/\/oprema-strojevi.com\/wordpress\/wp-json\/wp\/v2\/users\/1"}],"replies":[{"embeddable":true,"href":"https:\/\/oprema-strojevi.com\/wordpress\/wp-json\/wp\/v2\/comments?post=2598"}],"version-history":[{"count":0,"href":"https:\/\/oprema-strojevi.com\/wordpress\/wp-json\/wp\/v2\/pages\/2598\/revisions"}],"up":[{"embeddable":true,"href":"https:\/\/oprema-strojevi.com\/wordpress\/wp-json\/wp\/v2\/pages\/2582"}],"wp:attachment":[{"href":"https:\/\/oprema-strojevi.com\/wordpress\/wp-json\/wp\/v2\/media?parent=2598"}],"curies":[{"name":"wp","href":"https:\/\/api.w.org\/{rel}","templated":true}]}}