{"id":3,"date":"2018-08-14T14:53:28","date_gmt":"2018-08-14T12:53:28","guid":{"rendered":"http:\/\/oprema-strojevi.com\/wordpress\/?page_id=3"},"modified":"2024-01-06T14:51:45","modified_gmt":"2024-01-06T13:51:45","slug":"pravila-privatnosti","status":"publish","type":"page","link":"https:\/\/oprema-strojevi.com\/wordpress\/pravila-privatnosti\/","title":{"rendered":"Uvjeti kori\u0161tenja i pravila privatnosti"},"content":{"rendered":"<h2 style=\"text-align: justify;\"><strong>Uvjeti kori\u0161tenja<\/strong><\/h2>\n<p style=\"text-align: justify;\">Izuzetno nam je drago \u0161to ste pristupili slu\u017ebenim stranicama Oprema Strojevi. Pristupom i pregledom ovih internetskih stranica obvezujete se prihvatiti pravila i uvjete kori\u0161tenja istih. Pristupom i pregledom ovih internetskih stranica to ?inite na vlastitu odgovornost. Oprema Strojevi ne preuzima nikakvu odgovornost za bilo kakve posljedice nastale iz pristupa, kori\u0161tenja ili nemogu?nosti kori\u0161tenja istih.<\/p>\n<p style=\"text-align: justify;\">Sadr\u017eaj ovih internetskih stranica prire?en je uz svu pa\u017enju i u dobroj vjeri, a isklju?ivi cilj im je pru\u017eanje informativnih sadr\u017eaja i slu\u017ee isklju?ivo u svrhu informiranja. Oprema Strojevi ne jam?i potpunost i pravodobnost svih informacija sadr\u017eanih na ovim stranicama, a jednako tako ne jam?i potpunost i pravodobnost sadr\u017eaja internetskih stranica na koje ove internetske stranice upu?uju. Oprema Strojevi zadr\u017eava sva prava da prema vlastitom sudu, u svakom trenutku, kao i bez prethodne obavijesti nadopuni, izmijeni, ili ukloni bilo koji od sadr\u017eaja ovih internetskih stranica. Oprema Strojevi zadr\u017eava sva prava da prema vlastitom sudu, u svakom trenutku, kao i bez prethodne obavijesti promijeni uvjete pristupu i kori\u0161tenju ovih internetskih stranica.<\/p>\n<p style=\"text-align: justify;\">Svi sadr\u017eaji, osim slu\u017ebenih oznaka Oprema Strojevi, smiju se kopirati samo za osobnu uporabu i nekomercijalne svrhe, a uz po\u0161tovanje svih autorskih prava. Za svako objavljivanje, preno\u0161enje, javno prikazivanje ovih internetskih stranica u druge svrhe, osim dozvoljenih, potrebno je zatra\u017eiti pismeno dopu\u0161tenje Oprema Strojevi, kao i drugih vlasnika autorskih prava. Izri?ito se zabranjuje svako drugo kopiranje, te mijenjanje dijelova sadr\u017eaja , kao i kori\u0161tenje ovih internetskih stranica za druge svrhe osim dozvoljenih. Izri?ito se zabranjuje neovla\u0161teni poku\u0161aj izmjene podataka, zaobila\u017eenje i zanemarivanje sigurnosnih postavki, kao i kori\u0161tenje ovih internetskih stranica suprotno njihovoj namjeni.<\/p>\n<p style=\"text-align: justify;\">Autorska prava na izgled i dizajn zadr\u017eava tvrtka &#8211; izvo?a? ovih internetskih stranica.<\/p>\n<p style=\"text-align: justify;\">Svi korisnici koji pristupaju na www.oprema-strojevi.hr stranicu koriste njezin sadr\u017eaj na vlastitu odgovornost. Oprema Strojevi d.d. ne odgovara za bilo kakvu izravnu ili neizravnu, slu?ajnu, nematerijalnu ili materijalnu \u0161tetu koja je nastala iz pristupa, kori\u0161tenja ili nemogu?nosti kori\u0161tenja www.oprema-strojevi.hr ili zbog bilo koje gre\u0161ke ili nepotpunosti u njenom sadr\u017eaju.<\/p>\n<p style=\"text-align: justify;\">\n<strong>Mjerodavno pravo<\/strong><br \/>\nZa tuma?enje, primjenu i pravne u?inke svih dopu\u0161tenja, isklju?enja i uvjeta kori\u0161enja internet stranica www.oprema-strojevi.hr mjerodavno je hrvatsko pravo, a za sve zahtjeve i sporove koji nastanu kao rezultat kori\u0161tenja internet stranica Oprema Strojevi d.d. ili u svezi s njima isklju?ivo su nadle\u017eni hrvatski sudovi, te se utvr?uje mjesna nadle\u017enost suda u Vara\u017edinu.<\/p>\n<hr \/>\n<h2 style=\"text-align: justify;\"><strong>Privatnost<\/strong><\/h2>\n<p style=\"text-align: justify;\">Oprema Strojevi obvezuje se po\u0161tivati anonimnost i privatnost korisnika ovih internetskih stranica sve dok se one koriste u okviru dozvoljenih uvjeta kori\u0161tenja. Osobni podaci korisnika kao \u0161to su ime, adresa, telefonski broj, adresa elektronske po\u0161te kao i drugi podaci prikupljati ?e se samo ako ih korisnik dobrovoljno dostavi. Tako skupljeni podatci koristiti ?e se u svrhu, kontakta i informiranja, statisti?ke obrade posjeta, te kako bi smo \u0161to bolje uvidjeli potrebe i zahtjeve korisnika ovih internetskih stranica. Tako skupljeni podatci ne?e se u?initi dostupnima bez izri?itog pristanka korisnika, ukoliko se ove internetske stranice koriste u okviru dozvoljenih uvjeta kori\u0161tenja.<\/p>\n<p style=\"text-align: justify;\">Oprema Strojevi ?e se truditi da privatnost i anonimnost korisnika i posjetitelja ovih internetskih stranica bude maksimalno za\u0161ti?ena.<\/p>\n<hr \/>\n<p style=\"text-align: justify;\">\n<h2 style=\"text-align: justify;\"><strong>Cookie policy ili politika kola?i?a<\/strong><\/h2>\n<p style=\"text-align: justify;\">Kako bi ova web stranica radila pravilno, kako bismo bili u stanju vr\u0161iti daljnja unaprje?enja stranice, u svrhu pobolj\u0161avanja va\u0161ega iskustva pregledavanja, ova stranica mora na va\u0161e ra?unalo spremiti malenu koli?inu informacija ( Cookies ). Preko 90 % svih web stranica koristi ovu praksu no prema regulacijama Europske unije od 25.03.2011. obvezni smo prije spremanja Cookie-a zatra\u017eiti va\u0161 pristanak. Kori\u0161tenjem web stranice pristajete na uporabu Cookie-a. Blokiranjem cookie i dalje mo\u017eete pregledavati stranicu, no neke njezine mogu?nosti Vam ne?e biti dostupne.<\/p>\n<p style=\"text-align: justify;\">\u0160to je kola?i??<\/p>\n<p style=\"text-align: justify;\">Kola?i? je informacija spremljena na Va\u0161e ra?unalo od strane web stranice koju posjetite. Kola?i?i obi?no spremaju Va\u0161e postavke, postavke za web stranicu, kao \u0161to su preferirani jezik ili adresa. Kasnije, kada opet otvorite istu web stranicu internet preglednik \u0161alje natrag kola?i?e koji pripadaju toj stranici. Ovo omogu?ava stranici da prika\u017ee informacije prilago?ene Va\u0161im potrebama.<\/p>\n<p style=\"text-align: justify;\">Kola?i?i mogu spremati \u0161irok pojas informacija uklju?uju?i osobne informacije (kao \u0161to je Va\u0161e ime ili e-mail adresa). Ipak, ova informacija mo\u017ee biti spremljena jedino ako Vi to omogu?ite &#8211; web stranice ne mogu dobiti pristup informacijama koji im Vi niste dali i ne mogu pristupiti drugim datotekama na Va\u0161em ra?unalu. Zadane aktivnosti spremanja i slanja kola?i?a Vama nisu vidljive. Ipak, mo\u017eete promijeniti Va\u0161e postavke internet preglednika da mo\u017eete sami birati ho?ete li zahtjeve za spremanje kola?i?a odobriti ili odbiti, pobri\u0161ete spremljene kola?i?e automatski pri zatvaranju internet preglednika i sli?no.<\/p>\n<p style=\"text-align: justify;\">Kako onemogu?iti kola?i?e?<\/p>\n<p style=\"text-align: justify;\">Isklju?ivanjem kola?i?a odlu?ujete da li ho?ete dopustiti pohranjivanje kola?i?a na va\u0161em ra?unalu. Cookie postavke mogu se kontrolirati i konfigurirati u va\u0161em web pregledniku.<\/p>\n<p style=\"text-align: justify;\">Dodatne informacija oko isklju?ivanja kola?i?a<\/p>\n<p style=\"text-align: justify;\">Trenutno postoji nekoliko web-stranica za isklju?ivanje pohranjivanja kola?i?a za razli?ite servise. Vi\u0161e se mo\u017eete informirati na sljede?im web adresama:<br \/>\nhttp:\/\/www.allaboutcookies.org\/<\/p>\n<blockquote class=\"wp-embedded-content\" data-secret=\"c0ybEqM05x\"><p><a href=\"https:\/\/www.youronlinechoices.com\/hr\/\">Po\u010detna<\/a><\/p><\/blockquote>\n<p><iframe loading=\"lazy\" class=\"wp-embedded-content\" sandbox=\"allow-scripts\" security=\"restricted\" style=\"position: absolute; visibility: hidden;\" title=\"&#8220;Po\u010detna&#8221; &#8212; YourOnlineChoices\" src=\"https:\/\/www.youronlinechoices.com\/hr\/embed#?secret=fK34MOt91v#?secret=c0ybEqM05x\" data-secret=\"c0ybEqM05x\" width=\"500\" height=\"282\" frameborder=\"0\" marginwidth=\"0\" marginheight=\"0\" scrolling=\"no\"><\/iframe><br \/>\nhttp:\/\/www.aboutads.info\/choices\/<\/p>\n<p style=\"text-align: justify;\">Napomena: Ako onemogu?ite kola?i?e, ne?ete mo?i koristiti neke od funkcionalnosti na web stranicama<\/p>\n<p style=\"text-align: justify;\">\u0160to su privremeni kola?i?i?<\/p>\n<p style=\"text-align: justify;\">Privremeni kola?i?i ili kola?i?i sesije uklanjaju se s ra?unala po zatvaranju internet preglednika. Pomo?u njih web-mjesta pohranjuju privremene podatke, poput stavki u ko\u0161arici za kupnju.<\/p>\n<p style=\"text-align: justify;\">\u0160to su stalni kola?i?i?<\/p>\n<p style=\"text-align: justify;\">Stalni ili spremljeni kola?i?i ostaju na ra?unalu nakon zatvaranja programa internet preglednika. Pomo?u njih web-mjesta pohranjuju podatke, kao \u0161to su ime za prijavu i lozinka, tako da se ne morate prijavljivati prilikom svakog posjeta odre?enom mjestu. Stalni kola?i?i ostat ?e na ra?unalu danima, mjesecima, ?ak i godinama.<\/p>\n<p style=\"text-align: justify;\">\u0160to su kola?i?i od prve strane?<\/p>\n<p style=\"text-align: justify;\">Kola?i?i od prve strane dolaze s web-mjesta koje gledate, a mogu biti stalni ili privremeni. Pomo?u tih kola?i?a web-mjesta mogu pohraniti podatke koje ?e ponovo koristiti prilikom sljede?eg posjeta tom web-mjestu.<\/p>\n<p style=\"text-align: justify;\">\u0160to su kola?i?i tre?e strane?<\/p>\n<p style=\"text-align: justify;\">Kola?i?i tre?e strane dolaze s reklama drugih web-mjesta (kao \u0161to su sko?ne ili druge reklame) koje se nalaze na web-mjestu koje gledate. Pomo?u tih kola?i?a web-mjesta mogu pratiti kori\u0161tenje Interneta u marketin\u0161ke svrhe.<\/p>\n<p style=\"text-align: justify;\">Da li oprema-strojevi.hr koristi kola?i?e?<\/p>\n<p style=\"text-align: justify;\">Da, s primarnim ciljem kako bi na\u0161e web stranice vam omogu?ile bolje korisni?ko iskustvo.<\/p>\n<p style=\"text-align: justify;\">Kakve kola?i?e koristi oprema-strojevi.hr i za\u0161to ?<\/p>\n<p style=\"text-align: justify;\">Privremeni kola?i?i (Session cookies) &#8211; to su privremeni kola?i?i koji isti?u (i automatski se bri\u0161u) kada zatvorite internet preglednik. Mi koristimo session cookies da omogu?imo pristup sadr\u017eaju i omogu?imo komentiranje (stvari koje morate u?initi kada se prijavite sa svojim podacima na web stranicu).<\/p>\n<p style=\"text-align: justify;\">Trajni kola?i?i (Persistent cookies) &#8211; ti obi?no imaju datum isteka daleko u budu?nost i tako ?e ostati u va\u0161em pregledniku, dok ne isteknu, ili dok ih ru?no ne izbri\u0161ete. Mi koristimo trajne kola?i?e za funkcionalnostima kao \u0161to su &#8220;Ostanite prijavljeni&#8221; tickbox, \u0161to korisnicima olak\u0161ava pristup kao registriranom korisniku. Mi tako?er koristimo trajne kola?i?e kako bi bolje razumjeli navike korisnika, tako da mo\u017eemo pobolj\u0161ati web stranicu prema va\u0161im navikama. Ova informacija je anonimna &#8211; ovdje ne vidimo individualne podatke korisnika.<\/p>\n<p style=\"text-align: justify;\">Da li na web stranici ima kola?i?a tre?e strane?<\/p>\n<p style=\"text-align: justify;\">Ima nekoliko vanjskih servisa koji korisniku spremaju limitirane kola?i?e. Ovi kola?i?i nisu postavljeni od strane ove web stranice, ali neki slu\u017ee za normalno funkcioniranje odre?enih mogu?nosti koje korisnicima olak\u0161avaju pristup sadr\u017eaju. Trenutno omogu?ujemo:<\/p>\n<p style=\"text-align: justify;\">Dru\u0161tvene mre\u017ee<\/p>\n<p style=\"text-align: justify;\">Korisnici se mogu prijaviti i registrirati preko vlastitih ra?una sa dru\u0161tvenih mre\u017ea Facebook.<\/p>\n<p style=\"text-align: justify;\">Tako?er dijeljenje ?lanaka na dru\u0161tevnim mre\u017eama postavlja korisniku kola?i?e.<\/p>\n<p style=\"text-align: justify;\">Mjerenje posje?enosti<\/p>\n<p style=\"text-align: justify;\">oprema-strojevi.hr za mjerenje posje?enosti koristi Google Analytics.<br \/>\nAko \u017eelite onemogu?iti da vam navedeni servisi spremaju kola?i?e, mo\u017eete zabraniti za svaki servis na sljede?im linkovima:<\/p>\n<p style=\"text-align: justify;\">Google Analytics &#8211; https:\/\/tools.google.com\/dlpage\/gaoptout<\/p>\n<p style=\"text-align: justify;\">Dodatne informacija oko isklju?ivanja kola?i?a<\/p>\n<p style=\"text-align: justify;\">Trenutno postoji nekoliko web stranica za isklju?ivanje pohranjivanja kola?i?a za razli?ite servise.<\/p>\n<p style=\"text-align: justify;\">Vi\u0161e se mo\u017eete informirati na sljede?im linkovima:<\/p>\n<p style=\"text-align: justify;\">http:\/\/www.allaboutcookies.org\/<\/p>\n<p style=\"text-align: justify;\">http:\/\/www.youronlinechoices.eu\/<\/p>\n","protected":false},"excerpt":{"rendered":"<p>Uvjeti kori\u0161tenja Izuzetno nam je drago \u0161to ste pristupili slu\u017ebenim stranicama Oprema Strojevi. Pristupom i pregledom ovih internetskih stranica obvezujete se prihvatiti pravila i uvjete kori\u0161tenja istih. Pristupom i pregledom ovih internetskih stranica to ?inite na vlastitu odgovornost. Oprema Strojevi ne preuzima nikakvu odgovornost za bilo kakve posljedice nastale iz pristupa, kori\u0161tenja ili nemogu?nosti kori\u0161tenja<\/p>\n","protected":false},"author":1,"featured_media":0,"parent":0,"menu_order":0,"comment_status":"closed","ping_status":"closed","template":"","meta":{"footnotes":""},"class_list":["post-3","page","type-page","status-publish","hentry"],"_links":{"self":[{"href":"https:\/\/oprema-strojevi.com\/wordpress\/wp-json\/wp\/v2\/pages\/3","targetHints":{"allow":["GET"]}}],"collection":[{"href":"https:\/\/oprema-strojevi.com\/wordpress\/wp-json\/wp\/v2\/pages"}],"about":[{"href":"https:\/\/oprema-strojevi.com\/wordpress\/wp-json\/wp\/v2\/types\/page"}],"author":[{"embeddable":true,"href":"https:\/\/oprema-strojevi.com\/wordpress\/wp-json\/wp\/v2\/users\/1"}],"replies":[{"embeddable":true,"href":"https:\/\/oprema-strojevi.com\/wordpress\/wp-json\/wp\/v2\/comments?post=3"}],"version-history":[{"count":0,"href":"https:\/\/oprema-strojevi.com\/wordpress\/wp-json\/wp\/v2\/pages\/3\/revisions"}],"wp:attachment":[{"href":"https:\/\/oprema-strojevi.com\/wordpress\/wp-json\/wp\/v2\/media?parent=3"}],"curies":[{"name":"wp","href":"https:\/\/api.w.org\/{rel}","templated":true}]}}