{"id":3316,"date":"2013-06-18T09:33:08","date_gmt":"2013-06-18T08:33:08","guid":{"rendered":"http:\/\/oprema-strojevi.hr\/web\/?page_id=3316"},"modified":"2022-08-18T09:44:46","modified_gmt":"2022-08-18T07:44:46","slug":"bravarske-usluge","status":"publish","type":"page","link":"https:\/\/oprema-strojevi.com\/wordpress\/usluge\/bravarske-usluge\/","title":{"rendered":"Bravarske usluge"},"content":{"rendered":"<p><section class=\"kc-elm kc-css-228484 kc_row\"><div class=\"kc-row-container  kc-container\"><div class=\"kc-wrap-columns\"><div class=\"kc-elm kc-css-937026 kc_col-sm-12 kc_column kc_col-sm-12\"><div class=\"kc-col-container\"><div class=\"kc-elm kc-css-183090 kc-feature-boxes kc-fb-layout-3\">\n\n\t<div class=\"content-icon\"><i class=\"flaticon-wrench\"><\/i><\/div><div class=\"box-right\"><div class=\"content-title\">BRAVARSKE USLUGE<\/div><div class=\"content-desc\">Nudimo slijede\u0107e bravarske usluge:<\/div><\/div>\n<\/div>\n<div class=\"kc-elm kc-css-109981 kc_text_block\"><\/p>\n<p style=\"padding-left: 60px;\">\u2022 crna bravarija<br \/>\u2022 rostfrei bravarija (uklju\u010divo za medicinsku i prehrambenu industriju)<br \/>\u2022 izrada elektro kabineta<br \/>\u2022 izrada rezervoara<br \/>\u2022 sastav slo\u017eenih konstrukcija na zavariva\u010dkim stolovima<br \/>\u2022 manipulacija sa kranovima od 2 do 10 tona<\/p>\n<p>\n<\/div><div class=\"kc-elm kc-css-524570 kc_text_block\"><\/p>\n<p class=\"MsoListParagraphCxSpFirst\" style=\"margin-left: 35.25pt; text-indent: -18pt; padding-left: 30px;\"><span style=\"font-family: Wingdings; mso-fareast-font-family: Wingdings; mso-bidi-font-family: Wingdings;\"><span style=\"mso-list: Ignore;\">\u00fc<span style=\"font: 7.0pt 'Times New Roman';\">&nbsp; <\/span><\/span><\/span><!--&#091;endif&#093;-->Konstrukcijski i nehr\u0111aju\u0107i \u010delici u odvojenim proizvodnim halama<\/p>\n<p class=\"MsoListParagraphCxSpLast\" style=\"margin-left: 35.25pt; text-indent: -18pt; padding-left: 30px;\"><!-- &#091;if !supportLists&#093;--><span style=\"font-family: Wingdings; mso-fareast-font-family: Wingdings; mso-bidi-font-family: Wingdings;\"><span style=\"mso-list: Ignore;\">\u00fc<span style=\"font: 7.0pt 'Times New Roman';\">&nbsp; <\/span><\/span><\/span><!--&#091;endif&#093;-->EN ISO 287-1 certificirani zavariva\u010di<\/p>\n<\/p>\n<p>\n<\/div><\/div><\/div><\/div><\/div><\/section><section class=\"kc-elm kc-css-272849 kc_row\"><div class=\"kc-row-container  kc-container\"><div class=\"kc-wrap-columns\"><div class=\"kc-elm kc-css-609323 kc_col-sm-12 kc_column kc_col-sm-12\"><div class=\"kc-col-container\">\n<div class=\"kc-elm kc-css-470059 divider_line\">\n\t<div class=\"divider_inner divider_line2\">\n\t\t<i class=\"flaticon-settings-gears\"><\/i>\t<\/div>\n<\/div>\n<\/div><\/div><\/div><\/div><\/section><section class=\"kc-elm kc-css-303341 kc_row\"><div class=\"kc-row-container  kc-container\"><div class=\"kc-wrap-columns\"><div class=\"kc-elm kc-css-330368 kc_col-sm-6 kc_column kc_col-sm-6\"><div class=\"kc-col-container\"><div class=\"kc-elm kc-css-882485 kc_text_block\"><\/p>\n<div>\n<div>\n<div>\n<div>\n<div>\n<div><b>Precizni stolovi za zavarivanje<\/b><\/div>\n<div>Dimenzije stola:\u00a0 3000 x 1500 mm<\/div>\n<div>Komada: 1<\/div>\n<div>Dimenzije stola:\u00a0 2000 x 1200 mm<\/div>\n<div>Komada: 1<\/div>\n<div>Dimenzije stola:\u00a0 1200 x\u00a0 800 mm<\/div>\n<div>Komada: 5<\/div>\n<\/div>\n<div>\u00a0<\/div>\n<\/div>\n<\/div>\n<\/div>\n<\/div>\n<p>\n<\/div><\/div><\/div><div class=\"kc-elm kc-css-744828 kc_col-sm-6 kc_column kc_col-sm-6\"><div class=\"kc-col-container\"><div class=\"kc-elm kc-css-229623 kc_shortcode kc_single_image\">\n\n        <img decoding=\"async\" src=\"https:\/\/oprema-strojevi.com\/wordpress\/wp-content\/uploads\/2018\/10\/stol_zavarivacki.jpg\" class=\"\" alt=\"\" \/>    <\/div>\n<\/div><\/div><\/div><\/div><\/section><section class=\"kc-elm kc-css-107253 kc_row\"><div class=\"kc-row-container  kc-container\"><div class=\"kc-wrap-columns\"><div class=\"kc-elm kc-css-683079 kc_col-sm-12 kc_column kc_col-sm-12\"><div class=\"kc-col-container\">\n<div class=\"kc-elm kc-css-379307 divider_line\">\n\t<div class=\"divider_inner divider_line2\">\n\t\t<i class=\"flaticon-settings-gears\"><\/i>\t<\/div>\n<\/div>\n<\/div><\/div><\/div><\/div><\/section><section class=\"kc-elm kc-css-913855 kc_row\"><div class=\"kc-row-container  kc-container\"><div class=\"kc-wrap-columns\"><div class=\"kc-elm kc-css-72629 kc_col-sm-6 kc_column kc_col-sm-6\"><div class=\"kc-col-container\"><div class=\"kc-elm kc-css-118484 kc_shortcode kc_single_image\">\n\n        <img decoding=\"async\" src=\"https:\/\/oprema-strojevi.com\/wordpress\/wp-content\/uploads\/2018\/10\/Odzarivanje-225x300.jpg\" class=\"\" alt=\"\" \/>    <\/div>\n<\/div><\/div><div class=\"kc-elm kc-css-430612 kc_col-sm-6 kc_column kc_col-sm-6\"><div class=\"kc-col-container\"><div class=\"kc-elm kc-css-635278 kc_text_block\"><\/p>\n<div>\n<div>\n<div>\n<div>\n<div>\n<div>\n<div><b>Pe\u0107 za od\u017earivanje<\/b><\/div>\n<div>Dimenzije (neto): 1500 x 950 x 800mm<\/div>\n<div>Te\u017eina pozicija: do 1500 kg<\/div>\n<\/div>\n<\/div>\n<div>\u00a0<\/div>\n<\/div>\n<\/div>\n<\/div>\n<\/div>\n<p>\n<\/div><\/div><\/div><\/div><\/div><\/section><section class=\"kc-elm kc-css-469513 kc_row\"><div class=\"kc-row-container  kc-container\"><div class=\"kc-wrap-columns\"><div class=\"kc-elm kc-css-487732 kc_col-sm-12 kc_column kc_col-sm-12\"><div class=\"kc-col-container\">\n<div class=\"kc-elm kc-css-445282 divider_line\">\n\t<div class=\"divider_inner divider_line2\">\n\t\t<i class=\"flaticon-settings-gears\"><\/i>\t<\/div>\n<\/div>\n<\/div><\/div><\/div><\/div><\/section><section class=\"kc-elm kc-css-396674 kc_row\"><div class=\"kc-row-container  kc-container\"><div class=\"kc-wrap-columns\"><div class=\"kc-elm kc-css-367875 kc_col-sm-6 kc_column kc_col-sm-6\"><div class=\"kc-col-container\"><div class=\"kc-elm kc-css-535641 kc_text_block\"><\/p>\n<div>\n<div>\n<div>\n<div>\n<div>\n<div>\n<div><b>Hidrauli\u010dna pre\u0161a <\/b><\/div>\n<div>Sila:\u00a0 \u00a0 \u00a0 1000 kN<\/div>\n<\/div>\n<\/div>\n<\/div>\n<\/div>\n<\/div>\n<\/div>\n<p>\n<\/div><\/div><\/div><div class=\"kc-elm kc-css-961094 kc_col-sm-6 kc_column kc_col-sm-6\"><div class=\"kc-col-container\"><div class=\"kc-elm kc-css-961790 kc_shortcode kc_single_image\">\n\n        <img decoding=\"async\" src=\"https:\/\/oprema-strojevi.com\/wordpress\/wp-content\/uploads\/2018\/10\/Hidr_presa-169x300.jpg\" class=\"\" alt=\"\" \/>    <\/div>\n<\/div><\/div><\/div><\/div><\/section><section class=\"kc-elm kc-css-136462 kc_row\"><div class=\"kc-row-container  kc-container\"><div class=\"kc-wrap-columns\"><div class=\"kc-elm kc-css-586084 kc_col-sm-12 kc_column kc_col-sm-12\"><div class=\"kc-col-container\">\n<div class=\"kc-elm kc-css-873365 divider_line\">\n\t<div class=\"divider_inner divider_line2\">\n\t\t<i class=\"flaticon-settings-gears\"><\/i>\t<\/div>\n<\/div>\n<\/div><\/div><\/div><\/div><\/section><section class=\"kc-elm kc-css-968974 kc_row\"><div class=\"kc-row-container  kc-container\"><div class=\"kc-wrap-columns\"><div class=\"kc-elm kc-css-931736 kc_col-sm-6 kc_column kc_col-sm-6\"><div class=\"kc-col-container\"><div class=\"kc-elm kc-css-696747 kc_shortcode kc_single_image\">\n\n        <img decoding=\"async\" src=\"https:\/\/oprema-strojevi.com\/wordpress\/wp-content\/uploads\/2018\/10\/Plazma_rezanje.jpg\" class=\"\" alt=\"\" \/>    <\/div>\n<\/div><\/div><div class=\"kc-elm kc-css-364196 kc_col-sm-6 kc_column kc_col-sm-6\"><div class=\"kc-col-container\"><div class=\"kc-elm kc-css-367846 kc_text_block\"><\/p>\n<div>\n<div>\n<div>\n<div>\n<div>\n<div>\n<div>\n<div><b>CNC Plazma rezanje\u00a0 Hi-Focus<\/b><\/div>\n<div><b>CNC Plameno rezanje<\/b><\/div>\n<div>Vrsta: <b>\u201cVarstroj\u201d<\/b><\/div>\n<div>Dimenzije rezanja:\u00a0 4000 x 2000 mm<\/div>\n<div>Plamen &#8211; debljina: do 300 mm<\/div>\n<div>Plazma &#8211; debljina: do 15 mm<\/div>\n<\/div>\n<\/div>\n<\/div>\n<div>\u00a0<\/div>\n<\/div>\n<\/div>\n<\/div>\n<\/div>\n<p>\n<\/div><\/div><\/div><\/div><\/div><\/section><section class=\"kc-elm kc-css-710665 kc_row\"><div class=\"kc-row-container  kc-container\"><div class=\"kc-wrap-columns\"><div class=\"kc-elm kc-css-653326 kc_col-sm-12 kc_column kc_col-sm-12\"><div class=\"kc-col-container\">\n<div class=\"kc-elm kc-css-64649 divider_line\">\n\t<div class=\"divider_inner divider_line2\">\n\t\t<i class=\"flaticon-settings-gears\"><\/i>\t<\/div>\n<\/div>\n<\/div><\/div><\/div><\/div><\/section><section class=\"kc-elm kc-css-566501 kc_row\"><div class=\"kc-row-container  kc-container\"><div class=\"kc-wrap-columns\"><div class=\"kc-elm kc-css-701770 kc_col-sm-6 kc_column kc_col-sm-6\"><div class=\"kc-col-container\"><div class=\"kc-elm kc-css-255826 kc_text_block\"><\/p>\n<div>\n<div>\n<div>\n<div>\n<div>\n<div>\n<div>\n<div><b>Hala opremljena kranovima<\/b><\/div>\n<div>Vrsta: <b>\u201cInsema\u201d <\/b><\/div>\n<div>Nosivost: 2500 \/ 5000 \/ 10000 kg\u00a0<\/div>\n<div>Visina:\u00a0 \u00a0 \u00a0 \u00a0 \u00a0 \u00a0 Maks. 6250 mm<\/div>\n<\/div>\n<div>\u00a0<\/div>\n<\/div>\n<\/div>\n<\/div>\n<\/div>\n<\/div>\n<\/div>\n<p>\n<\/div><\/div><\/div><div class=\"kc-elm kc-css-154896 kc_col-sm-6 kc_column kc_col-sm-6\"><div class=\"kc-col-container\"><div class=\"kc-elm kc-css-923324 kc_shortcode kc_single_image\">\n\n        <img decoding=\"async\" src=\"https:\/\/oprema-strojevi.com\/wordpress\/wp-content\/uploads\/2018\/10\/Kranovi.jpg\" class=\"\" alt=\"\" \/>    <\/div>\n<\/div><\/div><\/div><\/div><\/section><section class=\"kc-elm kc-css-369941 kc_row\"><div class=\"kc-row-container  kc-container\"><div class=\"kc-wrap-columns\"><div class=\"kc-elm kc-css-842899 kc_col-sm-12 kc_column kc_col-sm-12\"><div class=\"kc-col-container\">\n<div class=\"kc-elm kc-css-493786 divider_line\">\n\t<div class=\"divider_inner divider_line2\">\n\t\t<i class=\"fa-images\"><\/i>\t<\/div>\n<\/div>\n<div class=\"kc-image-gallery kc-elm kc-css-856973\">\n<div class=\"kc_image_gallery kc-carousel-image kc-grid \" data-image_masonry=\"yes\">\n<div class=\"item-grid grid-3\"><a class=\"kc-image-link kc-pretty-photo\" data-lightbox=\"kc-lightbox\" rel=\"kc-pretty-photo[28560463]\" href=\"https:\/\/oprema-strojevi.com\/wordpress\/wp-content\/uploads\/2018\/10\/IMG_7068.jpg\"><img decoding=\"async\" src=\"https:\/\/oprema-strojevi.com\/wordpress\/wp-content\/uploads\/2018\/10\/IMG_7068-300x200.jpg\" alt=\"\"\/><div class=\"kc-image-overlay\"><i class=\"fa-plus\"><\/i><\/div><\/a><\/div><div class=\"item-grid grid-3\"><a class=\"kc-image-link kc-pretty-photo\" data-lightbox=\"kc-lightbox\" rel=\"kc-pretty-photo[28560463]\" href=\"https:\/\/oprema-strojevi.com\/wordpress\/wp-content\/uploads\/2018\/10\/IMG_7110.jpg\"><img decoding=\"async\" src=\"https:\/\/oprema-strojevi.com\/wordpress\/wp-content\/uploads\/2018\/10\/IMG_7110-300x200.jpg\" alt=\"\"\/><div class=\"kc-image-overlay\"><i class=\"fa-plus\"><\/i><\/div><\/a><\/div><div class=\"item-grid grid-3\"><a class=\"kc-image-link kc-pretty-photo\" data-lightbox=\"kc-lightbox\" rel=\"kc-pretty-photo[28560463]\" href=\"https:\/\/oprema-strojevi.com\/wordpress\/wp-content\/uploads\/2018\/10\/IMG_7098.jpg\"><img decoding=\"async\" src=\"https:\/\/oprema-strojevi.com\/wordpress\/wp-content\/uploads\/2018\/10\/IMG_7098-300x200.jpg\" alt=\"\"\/><div class=\"kc-image-overlay\"><i class=\"fa-plus\"><\/i><\/div><\/a><\/div><div class=\"item-grid grid-3\"><a class=\"kc-image-link kc-pretty-photo\" data-lightbox=\"kc-lightbox\" rel=\"kc-pretty-photo[28560463]\" href=\"https:\/\/oprema-strojevi.com\/wordpress\/wp-content\/uploads\/2018\/10\/IMG_7090.jpg\"><img decoding=\"async\" src=\"https:\/\/oprema-strojevi.com\/wordpress\/wp-content\/uploads\/2018\/10\/IMG_7090-300x200.jpg\" alt=\"\"\/><div class=\"kc-image-overlay\"><i class=\"fa-plus\"><\/i><\/div><\/a><\/div><div class=\"item-grid grid-3\"><a class=\"kc-image-link kc-pretty-photo\" data-lightbox=\"kc-lightbox\" rel=\"kc-pretty-photo[28560463]\" href=\"https:\/\/oprema-strojevi.com\/wordpress\/wp-content\/uploads\/2013\/06\/zavarivacki-pozicioner.jpg\"><img decoding=\"async\" src=\"https:\/\/oprema-strojevi.com\/wordpress\/wp-content\/uploads\/2013\/06\/zavarivacki-pozicioner-300x225.jpg\" alt=\"\"\/><div class=\"kc-image-overlay\"><i class=\"fa-plus\"><\/i><\/div><\/a><\/div><div class=\"item-grid grid-3\"><a class=\"kc-image-link kc-pretty-photo\" data-lightbox=\"kc-lightbox\" rel=\"kc-pretty-photo[28560463]\" href=\"https:\/\/oprema-strojevi.com\/wordpress\/wp-content\/uploads\/2013\/06\/zavarivacki-stol.jpg\"><img decoding=\"async\" src=\"https:\/\/oprema-strojevi.com\/wordpress\/wp-content\/uploads\/2013\/06\/zavarivacki-stol-300x225.jpg\" alt=\"\"\/><div class=\"kc-image-overlay\"><i class=\"fa-plus\"><\/i><\/div><\/a><\/div><div class=\"item-grid grid-3\"><a class=\"kc-image-link kc-pretty-photo\" data-lightbox=\"kc-lightbox\" rel=\"kc-pretty-photo[28560463]\" href=\"https:\/\/oprema-strojevi.com\/wordpress\/wp-content\/uploads\/2013\/06\/bravar-konstrukcija-1.jpg\"><img decoding=\"async\" src=\"https:\/\/oprema-strojevi.com\/wordpress\/wp-content\/uploads\/2013\/06\/bravar-konstrukcija-1-300x225.jpg\" alt=\"\"\/><div class=\"kc-image-overlay\"><i class=\"fa-plus\"><\/i><\/div><\/a><\/div><div class=\"item-grid grid-3\"><a class=\"kc-image-link kc-pretty-photo\" data-lightbox=\"kc-lightbox\" rel=\"kc-pretty-photo[28560463]\" href=\"https:\/\/oprema-strojevi.com\/wordpress\/wp-content\/uploads\/2013\/06\/bravar-konstrukcija2.jpg\"><img decoding=\"async\" src=\"https:\/\/oprema-strojevi.com\/wordpress\/wp-content\/uploads\/2013\/06\/bravar-konstrukcija2-300x225.jpg\" alt=\"\"\/><div class=\"kc-image-overlay\"><i class=\"fa-plus\"><\/i><\/div><\/a><\/div><div class=\"item-grid grid-3\"><a class=\"kc-image-link kc-pretty-photo\" data-lightbox=\"kc-lightbox\" rel=\"kc-pretty-photo[28560463]\" href=\"https:\/\/oprema-strojevi.com\/wordpress\/wp-content\/uploads\/2013\/06\/bravarija-rostfrei.jpg\"><img decoding=\"async\" src=\"https:\/\/oprema-strojevi.com\/wordpress\/wp-content\/uploads\/2013\/06\/bravarija-rostfrei-300x225.jpg\" alt=\"\"\/><div class=\"kc-image-overlay\"><i class=\"fa-plus\"><\/i><\/div><\/a><\/div><div class=\"item-grid grid-3\"><a class=\"kc-image-link kc-pretty-photo\" data-lightbox=\"kc-lightbox\" rel=\"kc-pretty-photo[28560463]\" href=\"https:\/\/oprema-strojevi.com\/wordpress\/wp-content\/uploads\/2013\/06\/bravar-bubnjevi.jpg\"><img decoding=\"async\" src=\"https:\/\/oprema-strojevi.com\/wordpress\/wp-content\/uploads\/2013\/06\/bravar-bubnjevi-300x225.jpg\" alt=\"\"\/><div class=\"kc-image-overlay\"><i class=\"fa-plus\"><\/i><\/div><\/a><\/div><\/div>\n<\/div><\/div><\/div><\/div><\/div><\/section><\/p>\n","protected":false},"excerpt":{"rendered":"","protected":false},"author":1,"featured_media":0,"parent":2584,"menu_order":0,"comment_status":"closed","ping_status":"closed","template":"","meta":{"footnotes":""},"class_list":["post-3316","page","type-page","status-publish","hentry"],"_links":{"self":[{"href":"https:\/\/oprema-strojevi.com\/wordpress\/wp-json\/wp\/v2\/pages\/3316","targetHints":{"allow":["GET"]}}],"collection":[{"href":"https:\/\/oprema-strojevi.com\/wordpress\/wp-json\/wp\/v2\/pages"}],"about":[{"href":"https:\/\/oprema-strojevi.com\/wordpress\/wp-json\/wp\/v2\/types\/page"}],"author":[{"embeddable":true,"href":"https:\/\/oprema-strojevi.com\/wordpress\/wp-json\/wp\/v2\/users\/1"}],"replies":[{"embeddable":true,"href":"https:\/\/oprema-strojevi.com\/wordpress\/wp-json\/wp\/v2\/comments?post=3316"}],"version-history":[{"count":0,"href":"https:\/\/oprema-strojevi.com\/wordpress\/wp-json\/wp\/v2\/pages\/3316\/revisions"}],"up":[{"embeddable":true,"href":"https:\/\/oprema-strojevi.com\/wordpress\/wp-json\/wp\/v2\/pages\/2584"}],"wp:attachment":[{"href":"https:\/\/oprema-strojevi.com\/wordpress\/wp-json\/wp\/v2\/media?parent=3316"}],"curies":[{"name":"wp","href":"https:\/\/api.w.org\/{rel}","templated":true}]}}