{"id":3510,"date":"2016-03-25T12:47:31","date_gmt":"2016-03-25T11:47:31","guid":{"rendered":"http:\/\/oprema-strojevi.hr\/web\/?page_id=3510"},"modified":"2019-03-26T10:03:44","modified_gmt":"2019-03-26T09:03:44","slug":"kvaliteta-2","status":"publish","type":"page","link":"https:\/\/oprema-strojevi.com\/wordpress\/usluge\/kvaliteta-2\/","title":{"rendered":"Osiguravanje kvalitete"},"content":{"rendered":"<p><section class=\"kc-elm kc-css-514558 kc_row\"><div class=\"kc-row-container  kc-container\"><div class=\"kc-wrap-columns\"><div class=\"kc-elm kc-css-208434 kc_col-sm-12 kc_column kc_col-sm-12\"><div class=\"kc-col-container\"><div class=\"kc-elm kc-css-570739 kc-feature-boxes kc-fb-layout-3\">\n\n\t<div class=\"content-icon\"><i class=\"flaticon-stamp\"><\/i><\/div><div class=\"box-right\"><div class=\"content-title\">OSIGURAVANJE KVALITETE<\/div><div class=\"content-desc\">Izuzetno ozbiljno pristupamo osiguranju kvalitete na\u0161ih proizvoda. Ni\u017ee su navedene na\u0161e mjerne mogu\u0107nosti:<\/div><\/div>\n<\/div>\n<div class=\"kc-elm kc-css-286399 kc_text_block\"><\/p>\n<p style=\"padding-left: 60px;\">\u2022 Povr\u0161ina 38 m2<br \/>\u2022 4 kontrolora<\/p>\n<p style=\"padding-left: 60px;\">\u2022 set etalona (umjeravanje od strane ovla\u0161tene institucije)<br \/>\u2022 set kalibara za dosjede (umjeravanje od strane ovla\u0161tene institucije)<br \/>\u2022 set kalibara za navoje (umjeravanje od strane ovla\u0161tene institucije)<br \/>\u2022 digitalna i analogna pomi\u010dna mjerila (interno umjeravanje)<br \/>\u2022 mikrometri od 0 do 500 mm (interno umjeravanje)<br \/>\u2022 mikrometri za unutarnje mjere<br \/>\u2022 subito<br \/>\u2022 Unimaster<\/p>\n<p style=\"padding-left: 60px;\">\u2022 Kameni stol sa digitalnim visinomjerom (do 615 mm)<br \/>\u2022 Faro mjerna ruka (do 3000 mm, preciznost 0,03mm)<\/p>\n<p style=\"padding-left: 60px;\"><strong>100% mjera na prvom komadu provjereno od strane radnika te jo\u0161 jednom od strane kontrolora<\/strong><\/p>\n<p style=\"padding-left: 60px;\"><strong>100% tolerancija provjereno na svim komadima uzorkovana provjera ostalih otvorenih dimenzija<\/strong><\/p>\n<p style=\"padding-left: 60px;\"><strong>posebna kontrola ravnosti i paralelnosti nakon zavarivanja<\/strong><\/p>\n<p style=\"padding-left: 60px;\">\n<\/div>\n<div class=\"kc-elm kc-css-676601 divider_line\">\n\t<div class=\"divider_inner divider_line2\">\n\t\t<i class=\"fa-images\"><\/i>\t<\/div>\n<\/div>\n<\/div><\/div><\/div><\/div><\/section><section class=\"kc-elm kc-css-522567 kc_row\"><div class=\"kc-row-container  kc-container\"><div class=\"kc-wrap-columns\"><div class=\"kc-elm kc-css-970824 kc_col-sm-12 kc_column kc_col-sm-12\"><div class=\"kc-col-container\"><div class=\"kc-image-gallery kc-elm kc-css-304920\">\n<div class=\"kc_image_gallery kc-carousel-image kc-grid \">\n<div class=\"item-grid grid-3\"><a class=\"kc-image-link kc-pretty-photo\" data-lightbox=\"kc-lightbox\" rel=\"kc-pretty-photo[8903214]\" href=\"https:\/\/oprema-strojevi.com\/wordpress\/wp-content\/uploads\/2018\/10\/IMG_6990.jpg\"><img decoding=\"async\" src=\"https:\/\/oprema-strojevi.com\/wordpress\/wp-content\/uploads\/2018\/10\/IMG_6990-200x300.jpg\" alt=\"\"\/><div class=\"kc-image-overlay\"><i class=\"fa-plus\"><\/i><\/div><\/a><\/div><div class=\"item-grid grid-3\"><a class=\"kc-image-link kc-pretty-photo\" data-lightbox=\"kc-lightbox\" rel=\"kc-pretty-photo[8903214]\" href=\"https:\/\/oprema-strojevi.com\/wordpress\/wp-content\/uploads\/2018\/10\/IMG_6879.jpg\"><img decoding=\"async\" src=\"https:\/\/oprema-strojevi.com\/wordpress\/wp-content\/uploads\/2018\/10\/IMG_6879-200x300.jpg\" alt=\"\"\/><div class=\"kc-image-overlay\"><i class=\"fa-plus\"><\/i><\/div><\/a><\/div><div class=\"item-grid grid-3\"><a class=\"kc-image-link kc-pretty-photo\" data-lightbox=\"kc-lightbox\" rel=\"kc-pretty-photo[8903214]\" href=\"https:\/\/oprema-strojevi.com\/wordpress\/wp-content\/uploads\/2016\/03\/faro-001-za-web.jpg\"><img decoding=\"async\" src=\"https:\/\/oprema-strojevi.com\/wordpress\/wp-content\/uploads\/2016\/03\/faro-001-za-web-300x225.jpg\" alt=\"\"\/><div class=\"kc-image-overlay\"><i class=\"fa-plus\"><\/i><\/div><\/a><\/div><div class=\"item-grid grid-3\"><a class=\"kc-image-link kc-pretty-photo\" data-lightbox=\"kc-lightbox\" rel=\"kc-pretty-photo[8903214]\" href=\"https:\/\/oprema-strojevi.com\/wordpress\/wp-content\/uploads\/2016\/04\/faro-2.jpg\"><img decoding=\"async\" src=\"https:\/\/oprema-strojevi.com\/wordpress\/wp-content\/uploads\/2016\/04\/faro-2-300x169.jpg\" alt=\"\"\/><div class=\"kc-image-overlay\"><i class=\"fa-plus\"><\/i><\/div><\/a><\/div><div class=\"item-grid grid-3\"><a class=\"kc-image-link kc-pretty-photo\" data-lightbox=\"kc-lightbox\" rel=\"kc-pretty-photo[8903214]\" href=\"https:\/\/oprema-strojevi.com\/wordpress\/wp-content\/uploads\/2016\/03\/20160222_075006.jpg\"><img decoding=\"async\" src=\"https:\/\/oprema-strojevi.com\/wordpress\/wp-content\/uploads\/2016\/03\/20160222_075006-300x225.jpg\" alt=\"\"\/><div class=\"kc-image-overlay\"><i class=\"fa-plus\"><\/i><\/div><\/a><\/div><div class=\"item-grid grid-3\"><a class=\"kc-image-link kc-pretty-photo\" data-lightbox=\"kc-lightbox\" rel=\"kc-pretty-photo[8903214]\" href=\"https:\/\/oprema-strojevi.com\/wordpress\/wp-content\/uploads\/2016\/03\/20160222_075946_resized.jpg\"><img decoding=\"async\" src=\"https:\/\/oprema-strojevi.com\/wordpress\/wp-content\/uploads\/2016\/03\/20160222_075946_resized-300x201.jpg\" alt=\"\"\/><div class=\"kc-image-overlay\"><i class=\"fa-plus\"><\/i><\/div><\/a><\/div><div class=\"item-grid grid-3\"><a class=\"kc-image-link kc-pretty-photo\" data-lightbox=\"kc-lightbox\" rel=\"kc-pretty-photo[8903214]\" href=\"https:\/\/oprema-strojevi.com\/wordpress\/wp-content\/uploads\/2016\/03\/20160222_075423_resized.jpg\"><img decoding=\"async\" src=\"https:\/\/oprema-strojevi.com\/wordpress\/wp-content\/uploads\/2016\/03\/20160222_075423_resized-300x225.jpg\" alt=\"\"\/><div class=\"kc-image-overlay\"><i class=\"fa-plus\"><\/i><\/div><\/a><\/div><div class=\"item-grid grid-3\"><a class=\"kc-image-link kc-pretty-photo\" data-lightbox=\"kc-lightbox\" rel=\"kc-pretty-photo[8903214]\" href=\"https:\/\/oprema-strojevi.com\/wordpress\/wp-content\/uploads\/2016\/03\/20160222_075444_resized.jpg\"><img decoding=\"async\" src=\"https:\/\/oprema-strojevi.com\/wordpress\/wp-content\/uploads\/2016\/03\/20160222_075444_resized-300x225.jpg\" alt=\"\"\/><div class=\"kc-image-overlay\"><i class=\"fa-plus\"><\/i><\/div><\/a><\/div><div class=\"item-grid grid-3\"><a class=\"kc-image-link kc-pretty-photo\" data-lightbox=\"kc-lightbox\" rel=\"kc-pretty-photo[8903214]\" href=\"https:\/\/oprema-strojevi.com\/wordpress\/wp-content\/uploads\/2016\/03\/20160222_075758_resized.jpg\"><img decoding=\"async\" src=\"https:\/\/oprema-strojevi.com\/wordpress\/wp-content\/uploads\/2016\/03\/20160222_075758_resized-300x181.jpg\" alt=\"\"\/><div class=\"kc-image-overlay\"><i class=\"fa-plus\"><\/i><\/div><\/a><\/div><div class=\"item-grid grid-3\"><a class=\"kc-image-link kc-pretty-photo\" data-lightbox=\"kc-lightbox\" rel=\"kc-pretty-photo[8903214]\" href=\"https:\/\/oprema-strojevi.com\/wordpress\/wp-content\/uploads\/2016\/03\/20160223_124152_resized.jpg\"><img decoding=\"async\" src=\"https:\/\/oprema-strojevi.com\/wordpress\/wp-content\/uploads\/2016\/03\/20160223_124152_resized-224x300.jpg\" alt=\"\"\/><div class=\"kc-image-overlay\"><i class=\"fa-plus\"><\/i><\/div><\/a><\/div><\/div>\n<\/div><\/div><\/div><\/div><\/div><\/section><\/p>\n","protected":false},"excerpt":{"rendered":"","protected":false},"author":1,"featured_media":0,"parent":2584,"menu_order":0,"comment_status":"closed","ping_status":"closed","template":"","meta":{"footnotes":""},"class_list":["post-3510","page","type-page","status-publish","hentry"],"_links":{"self":[{"href":"https:\/\/oprema-strojevi.com\/wordpress\/wp-json\/wp\/v2\/pages\/3510","targetHints":{"allow":["GET"]}}],"collection":[{"href":"https:\/\/oprema-strojevi.com\/wordpress\/wp-json\/wp\/v2\/pages"}],"about":[{"href":"https:\/\/oprema-strojevi.com\/wordpress\/wp-json\/wp\/v2\/types\/page"}],"author":[{"embeddable":true,"href":"https:\/\/oprema-strojevi.com\/wordpress\/wp-json\/wp\/v2\/users\/1"}],"replies":[{"embeddable":true,"href":"https:\/\/oprema-strojevi.com\/wordpress\/wp-json\/wp\/v2\/comments?post=3510"}],"version-history":[{"count":0,"href":"https:\/\/oprema-strojevi.com\/wordpress\/wp-json\/wp\/v2\/pages\/3510\/revisions"}],"up":[{"embeddable":true,"href":"https:\/\/oprema-strojevi.com\/wordpress\/wp-json\/wp\/v2\/pages\/2584"}],"wp:attachment":[{"href":"https:\/\/oprema-strojevi.com\/wordpress\/wp-json\/wp\/v2\/media?parent=3510"}],"curies":[{"name":"wp","href":"https:\/\/api.w.org\/{rel}","templated":true}]}}