{"id":3557,"date":"2016-04-18T13:57:53","date_gmt":"2016-04-18T12:57:53","guid":{"rendered":"http:\/\/oprema-strojevi.hr\/web\/?page_id=3557"},"modified":"2024-01-17T17:07:25","modified_gmt":"2024-01-17T16:07:25","slug":"posao","status":"publish","type":"page","link":"https:\/\/oprema-strojevi.com\/wordpress\/posao\/","title":{"rendered":"Zapo\u0161ljavanje"},"content":{"rendered":"<p><span style=\"color: #000000;\">Oprema Strojevi d.d. bilje\u017ei sna\u017ean rast proizvodnje sa naglaskom na inozemna tr\u017ei\u0161ta. Zbog toga se stvorila potreba za poja?anjem ljudskih resursa kako bi se zadovoljile potrebe za kvalitetom i rokovima isporuke. Konstantno zapo\u0161ljavamo nove radnike.<\/span><\/p>\r\n<p><strong><span style=\"color: #000000;\">Molbe i \u017eivotopise molimo dostavite osobno, \u0161aljite po\u0161tom ili e-mailom na natjecaj@oprema-strojevi.com<\/span><\/strong><\/p>\r\n<p><span style=\"color: #000000;\">Zainteresirani za posao mogu bez obaveze do?i k nama pogledati na\u0161u proizvodnju uz prethodno poslane podatke o radnom iskustvu. Nudimo:<\/span><\/p>\r\n<ul>\r\n<li><span style=\"color: #000000;\"><strong>&#8211; Dobra ekipa<\/strong> i atmosfera na poslu<\/span><\/li>\r\n<li><span style=\"color: #000000;\"><strong>&#8211; <\/strong>Rad <strong>40 sati tjedno, <\/strong>eventualni prekovremeni 50% vi\u0161e pla?eni<\/span><\/li>\r\n<li><span style=\"color: #000000;\"><strong>&#8211; Dobra organizacija<\/strong> rada<\/span><\/li>\r\n<li><span style=\"color: #000000;\"><strong>&#8211; <\/strong>Bez odlaska na teren<\/span><\/li>\r\n<li><span style=\"color: #000000;\"><strong>&#8211; <\/strong>Ugovor <strong>na neodre?eno<\/strong><\/span><\/li>\r\n<li><strong><span style=\"color: #000000;\">&#8211; <\/span>Multisport<\/strong> kartica<\/li>\r\n<li><span style=\"color: #000000;\"><strong>&#8211; <\/strong>do <strong>+30% stimulacije<\/strong> na dogovorenu pla?u<\/span><\/li>\r\n<\/ul>\r\n<p>&nbsp;<\/p>\r\n<p><span style=\"color: #000000;\"><strong>Otvoreni natje?aji:<\/strong><\/span><\/p>\r\n<p><span style=\"color: #000000;\"><strong>Prodajni predstavnik za inozemna tr\u017ei\u0161ta (m\/\u017e)<em> (jo\u0161 1 mjesto)<\/em><\/strong><\/span><\/p>\r\n<ul>\r\n<li><span style=\"color: #000000;\"><strong>&#8211; <\/strong>diploma nije nu\u017ena<\/span><\/li>\r\n<li><span style=\"color: #000000;\"><strong>&#8211; <\/strong>bitno je iskustvo u strojarskoj firmi<\/span><\/li>\r\n<li><span style=\"color: #000000;\"><strong>&#8211; <\/strong>dobre komunikacijske vje\u0161tine, kontakti s partnerima<\/span><\/li>\r\n<li><span style=\"color: #000000;\"><strong>&#8211; <\/strong>voza?ka dozvola B kategorije<\/span><\/li>\r\n<li><span style=\"color: #000000;\"><strong>&#8211; <\/strong>samostalnost u radu, rad na ra?unalu, njema?ki jezik<\/span><\/li>\r\n<\/ul>\r\n<p>&nbsp;<\/p>\r\n<p><span style=\"color: #000000;\"><strong>Kontrolor kvalitete (m\/\u017e)<\/strong><em> (jo\u0161 1 mjesto)<\/em><\/span><\/p>\r\n<ul>\r\n<li>&#8211; potrebno iskustvo u radu na kontroli kvalitete ili na CNC glodalicama<\/li>\r\n<li><span style=\"color: #000000;\"><strong>&#8211; <\/strong>izvrsno poznavanje strojarskih nacrta<\/span><\/li>\r\n<li><span style=\"color: #000000;\"><strong>&#8211;\u00a0<\/strong>poznavanje mjerila i postupaka za kontrolu napravljenih pozicija<\/span><\/li>\r\n<li><span style=\"color: #000000;\"><strong>&#8211; <\/strong><\/span>samostalnost u radu, rad na ra?unalu<\/li>\r\n<li>&#8211; po\u017eeljno poznavanje njema?kog jezika<\/li>\r\n<\/ul>\r\n<p>&nbsp;<\/p>\r\n<p><span style=\"color: #000000;\"><strong>Poslovo?a strojne obrade (m\/\u017e)<\/strong><em> (jo\u0161 1 mjesto)<\/em><\/span><\/p>\r\n<ul>\r\n<li><span style=\"color: #000000;\"><strong>&#8211; <\/strong>bitno je iskustvo proizvodnje u strojarskoj firmi (poslovo?a\/\u0161ef proizvodnje\/kontrola kvalitete)<\/span><\/li>\r\n<li><span style=\"color: #000000;\"><strong>&#8211; <\/strong>dobro poznavanje tehni?ke dokumentacije<\/span><\/li>\r\n<li><span style=\"color: #000000;\"><strong>&#8211; <\/strong><\/span>poznavanje tehnologije strojne obrade, alata, re\u017eima proizvodnje te postupaka kontrole kvalitete<\/li>\r\n<li><span style=\"color: #000000;\"><strong>&#8211; <\/strong><\/span>samostalnost u radu, rad na ra?unalu, njema?ki jezik<\/li>\r\n<\/ul>\r\n<p>&nbsp;<\/p>\r\n<p><strong style=\"color: #000000;\">CNC programer (m\/\u017e)<\/strong><em style=\"color: #000000;\"> (jo\u0161 1 mjesto)<\/em><\/p>\r\n<ul>\r\n<li><span style=\"color: #000000;\"><strong>&#8211; <\/strong>diploma nije nu\u017ena<\/span><\/li>\r\n<li><span style=\"color: #000000;\"><strong>&#8211; <\/strong>bitno je iskustvo u izradi CNC programa ili barem iskustvo rada na CNC glodalici<\/span><\/li>\r\n<li><span style=\"color: #000000;\"><strong>&#8211; <\/strong><\/span>odli?no poznavanje strojarskih nacrta<\/li>\r\n<li><span style=\"color: #000000;\"><strong>&#8211; <\/strong><\/span>poznavanje alata i re\u017eima obrade<\/li>\r\n<li><span style=\"color: #000000;\"><strong>&#8211; <\/strong><\/span>po\u017eeljno poznavanje softvera Esprit<\/li>\r\n<\/ul>\r\n<p>&nbsp;<\/p>\r\n<p><span style=\"color: #000000;\"><strong>CNC Gloda? (m\/\u017e)<\/strong><i> (jo\u0161 3 mjesta)<\/i><\/span><\/p>\r\n<ul>\r\n<li><span style=\"color: #000000;\"><strong>&#8211; <\/strong>iskustvo u radu na CNC glodalicama<\/span><\/li>\r\n<li><span style=\"color: #000000;\"><strong>&#8211; <\/strong>odli?no poznavanje strojarskih nacrta<\/span><\/li>\r\n<li><span style=\"color: #000000;\"><strong>&#8211; <\/strong>poznavanje alata i re\u017eima obrade<\/span><\/li>\r\n<li><span style=\"color: #000000;\"><strong>&#8211; <\/strong><\/span>poznavanje mjerila i postupaka za kontrolu napravljenih pozicija<\/li>\r\n<li><span style=\"color: #000000;\"><strong>&#8211; <\/strong><\/span>samostalnost u radu<\/li>\r\n<\/ul>\r\n<p>&nbsp;<\/p>\r\n<p><span style=\"color: #000000;\"><strong>Bravar (m\/\u017e)<\/strong><em> (jo\u0161 2 mjesta)<\/em><\/span><\/p>\r\n<ul>\r\n<li><span style=\"color: #000000;\"><strong>&#8211; <\/strong>iskustvo u sastavljanju sklopova prema strojarskim nacrtima<\/span><\/li>\r\n<li><span style=\"color: #000000;\"><strong>&#8211; <\/strong>odli?no poznavanje strojarskih nacrta<\/span><\/li>\r\n<li><span style=\"color: #000000;\"><strong>&#8211; <\/strong>samostalnost u radu<\/span><\/li>\r\n<\/ul>\r\n<p>&nbsp;<\/p>\r\n<p><span style=\"color: #000000;\"><strong>Zavariva? (m\/\u017e)<\/strong><em> (jo\u0161 3 mjesta)<\/em><\/span><\/p>\r\n<ul>\r\n<li><span style=\"color: #000000;\"><strong>&#8211; <\/strong>tra\u017ee se isklju?ivo zavariva?i s iskustvom<\/span><\/li>\r\n<li><span style=\"color: #000000;\"><strong>&#8211; <\/strong>poznavanje TIG ili MAG\/MIG postupaka<\/span><\/li>\r\n<li><span style=\"color: #000000;\"><strong>&#8211; <\/strong>samostalnost u radu<\/span><\/li>\r\n<\/ul>\r\n<p style=\"padding-left: 30px;\">\u00a0<\/p>\r\n<p><span style=\"color: #000000;\"><strong>Molbe i \u017eivotopise molimo dostavite osobno, \u0161aljite po\u0161tom ili e-mailom na natjecaj@oprema-strojevi.com.<\/strong><\/span><\/p>\r\n<p><span style=\"color: #000000;\"> Molba mora sadr\u017eavati osobne i kontakt podatke, opis usvojenih znanja te radnog iskustva.\u00a0<\/span><span style=\"color: #000000;\">Molbe koje ne zadovoljavaju navedene uvjete natje?aja ne?e se razmatrati.<\/span><\/p>\r\n\r\n<p>&nbsp;<\/p>\r\n\r\n<p>","protected":false},"excerpt":{"rendered":"<p>Oprema Strojevi d.d. bilje\u017ei sna\u017ean rast proizvodnje sa naglaskom na inozemna tr\u017ei\u0161ta. Zbog toga se stvorila potreba za poja?anjem ljudskih resursa kako bi se zadovoljile potrebe za kvalitetom i rokovima isporuke. Konstantno zapo\u0161ljavamo nove radnike. Molbe i \u017eivotopise molimo dostavite osobno, \u0161aljite po\u0161tom ili e-mailom na natjecaj@oprema-strojevi.com Zainteresirani za posao mogu bez obaveze do?i k<\/p>\n","protected":false},"author":1,"featured_media":0,"parent":0,"menu_order":0,"comment_status":"closed","ping_status":"closed","template":"","meta":{"footnotes":""},"class_list":["post-3557","page","type-page","status-publish","hentry"],"_links":{"self":[{"href":"https:\/\/oprema-strojevi.com\/wordpress\/wp-json\/wp\/v2\/pages\/3557","targetHints":{"allow":["GET"]}}],"collection":[{"href":"https:\/\/oprema-strojevi.com\/wordpress\/wp-json\/wp\/v2\/pages"}],"about":[{"href":"https:\/\/oprema-strojevi.com\/wordpress\/wp-json\/wp\/v2\/types\/page"}],"author":[{"embeddable":true,"href":"https:\/\/oprema-strojevi.com\/wordpress\/wp-json\/wp\/v2\/users\/1"}],"replies":[{"embeddable":true,"href":"https:\/\/oprema-strojevi.com\/wordpress\/wp-json\/wp\/v2\/comments?post=3557"}],"version-history":[{"count":0,"href":"https:\/\/oprema-strojevi.com\/wordpress\/wp-json\/wp\/v2\/pages\/3557\/revisions"}],"wp:attachment":[{"href":"https:\/\/oprema-strojevi.com\/wordpress\/wp-json\/wp\/v2\/media?parent=3557"}],"curies":[{"name":"wp","href":"https:\/\/api.w.org\/{rel}","templated":true}]}}