{"id":3585,"date":"2016-06-13T12:19:41","date_gmt":"2016-06-13T11:19:41","guid":{"rendered":"http:\/\/oprema-strojevi.hr\/web\/?page_id=3585"},"modified":"2024-01-06T14:59:20","modified_gmt":"2024-01-06T13:59:20","slug":"eufondovi2016","status":"publish","type":"page","link":"https:\/\/oprema-strojevi.com\/wordpress\/o-nama\/eufondovi2016\/","title":{"rendered":"Europski fondovi 2016"},"content":{"rendered":"<p style=\"text-align: center;\"><strong>Projekt je sufinancirala Europska unija iz Europskog fonda za regionalni razvoj<\/strong><\/p>\n<p>U sklopu Grant sheme <strong>\u201cUlaganje u proizvodnu tehnologiju MSP\u201d<\/strong> tvrtka Oprema-strojevi d.d. postala je korisnik bespovratnih sredstava za projekt \u201e<strong>Pove?anje kapaciteta proizvodnje dru\u0161tva Oprema-strojevi d.d.<\/strong>\u201c koji je financiran u okviru Europskog fonda za regionalni razvoj. Ukupna vrijednost projekta iznosi <strong>5.515.333,19 kn<\/strong>, dok je projekt sufinanciran u iznosu od <strong>1.885.521,15 kn<\/strong>.<br \/>\n<strong>Op?i cilj<\/strong> projekta je pove?anje konkurentnosti malih i srednjih poduze?a u Republici Hrvatskoj,<br \/>\nte smanjenje nacionalnog problema nezaposlenosti, a svrha (<strong>specifi?ni cilj<\/strong>) projekta je uvo?enjem naprednih tehnologija unaprijediti poslovne procese dru\u0161tva i izravno doprinijeti konkurentnosti tvrtke.<\/p>\n<p>Ulaganjem u nove tehnologije kroz nabavku novih strojeva unaprijedit ?e se tehnolo\u0161ki proces, pove?ati proizvodni kapacitet, kvaliteta i preciznost u proizvodnji. Novi strojevi osigurat ?e manju upotrebu mazivih i hladnih ulja, te smanjiti potro\u0161nju elektri?ne energije, njihova implementacija osigurat ?e pove?anje proizvodnih kapaciteta \u0161to ?e u kona?nici rezultirati otvaranjem novih radnih mjesta, pove?anjem prihoda od izvoza i prihoda od prodaje. Provedba projekta trajat ?e 12 mjeseci, od 27. srpnja 2015. do 27. srpnja 2016.<\/p>\n<p>Provedbom projekta ostvariti ?e se slijede?i o?ekivani rezultati projekta:<br \/>\n\u2022 Izvr\u0161ene savjetodavne usluge provedbe javne nabave, upravljanja projekta, revizije projekta<br \/>\n\u2022 Nabavljena i implementirana oprema (strojevi: glodalica, borverk, mjerni ure?aj)<br \/>\n\u2022 Nabavljen ra?unalni program za 2D i 3D mjerenje<br \/>\n\u2022 Provedena edukacija za glodalicu, borverk, mjerni ure?aj i ra?unalni program za 2D i 3D mjerenje<br \/>\n\u2022 Ostvaren nastup na inozemnom sajmu<br \/>\n\u2022 Objavljen ?lanak o vidljivosti na internet stranici dru\u0161tva<\/p>\n<p>U ovaj projekt tvrtka Oprema-strojevi d.d. krenula je prvenstveno radi pove?anja kapaciteta proizvodnje, odnosno radi problema nedovoljnih kapaciteta s kojima se sada susre?e u svakodnevnom poslovanju. Sve ?e\u0161?i upiti na\u0161ih klijenata, kako nacionalnih tako i onih iz inozemstva, stvorili su preduvjet za nova ulaganja dru\u0161tva Oprema-strojevi d.d.<\/p>\n<p>Dru\u0161tvo ?e kroz nabavku novih tehnologija (borverk, glodalica, mjerni ure?aj) i programsko rje\u0161enje osigurati vlastiti razvoj pru\u017eanjem kvalitetnije i preciznije usluge proizvodnje dijelova za strojeve na\u0161ih klijenata. Upravo time indirektno ja?amo razvoj malog i srednjeg poduzetni\u0161tva u Republici Hrvatskoj. Osim ulaganja u materijalnu imovinu kroz nabavku novih tehnologija (strojevi i ra?unalni program za 2D i 3D oblikovanje) usvojit ?emo <strong>nova znanja i kompetencije<\/strong> kroz edukacije i stru?na osposobljavanja<br \/>\nNadalje, nova tehnologija pridonijet ?e ostvarenju specifi?nog cilja projekta te stvoriti mjesta za zadr\u017eavanje i <strong>otvaranje novih radnih mjesta<\/strong>.<\/p>\n<p>Vi\u0161e informacija:<br \/>\nazlatar@oprema-strojevi.com<br \/>\nwww.strukturnifondovi.hr<\/p>\n<p><a href=\"http:\/\/oprema-strojevi.com\/wordpress\/wp-content\/uploads\/2016\/06\/eu_slika3.png\"><img loading=\"lazy\" decoding=\"async\" class=\"alignleft size-full wp-image-3588\" src=\"http:\/\/oprema-strojevi.com\/wordpress\/wp-content\/uploads\/2016\/06\/eu_slika3.png\" alt=\"eu_slika3\" width=\"222\" height=\"66\" \/><\/a><\/p>\n<p>\u201cSadr\u017eaj ove publikacije isklju?iva je odgovornost tvrtke Oprema-strojevi d.d..\u2019\u2019<\/p>\n","protected":false},"excerpt":{"rendered":"<p>Projekt je sufinancirala Europska unija iz Europskog fonda za regionalni razvoj U sklopu Grant sheme \u201cUlaganje u proizvodnu tehnologiju MSP\u201d tvrtka Oprema-strojevi d.d. postala je korisnik bespovratnih sredstava za projekt \u201ePove?anje kapaciteta proizvodnje dru\u0161tva Oprema-strojevi d.d.\u201c koji je financiran u okviru Europskog fonda za regionalni razvoj. Ukupna vrijednost projekta iznosi 5.515.333,19 kn, dok je projekt<\/p>\n","protected":false},"author":1,"featured_media":0,"parent":2569,"menu_order":0,"comment_status":"closed","ping_status":"closed","template":"","meta":{"footnotes":""},"class_list":["post-3585","page","type-page","status-publish","hentry"],"_links":{"self":[{"href":"https:\/\/oprema-strojevi.com\/wordpress\/wp-json\/wp\/v2\/pages\/3585","targetHints":{"allow":["GET"]}}],"collection":[{"href":"https:\/\/oprema-strojevi.com\/wordpress\/wp-json\/wp\/v2\/pages"}],"about":[{"href":"https:\/\/oprema-strojevi.com\/wordpress\/wp-json\/wp\/v2\/types\/page"}],"author":[{"embeddable":true,"href":"https:\/\/oprema-strojevi.com\/wordpress\/wp-json\/wp\/v2\/users\/1"}],"replies":[{"embeddable":true,"href":"https:\/\/oprema-strojevi.com\/wordpress\/wp-json\/wp\/v2\/comments?post=3585"}],"version-history":[{"count":0,"href":"https:\/\/oprema-strojevi.com\/wordpress\/wp-json\/wp\/v2\/pages\/3585\/revisions"}],"up":[{"embeddable":true,"href":"https:\/\/oprema-strojevi.com\/wordpress\/wp-json\/wp\/v2\/pages\/2569"}],"wp:attachment":[{"href":"https:\/\/oprema-strojevi.com\/wordpress\/wp-json\/wp\/v2\/media?parent=3585"}],"curies":[{"name":"wp","href":"https:\/\/api.w.org\/{rel}","templated":true}]}}