{"id":3632,"date":"2016-08-18T13:08:18","date_gmt":"2016-08-18T12:08:18","guid":{"rendered":"http:\/\/oprema-strojevi.hr\/web\/?page_id=3632"},"modified":"2024-01-06T15:08:26","modified_gmt":"2024-01-06T14:08:26","slug":"fond-za-zastitu-okolis","status":"publish","type":"page","link":"https:\/\/oprema-strojevi.com\/wordpress\/o-nama\/fond-za-zastitu-okolis\/","title":{"rendered":"Fond za za\u0161titu okoli\u0161a"},"content":{"rendered":"<p style=\"text-align: center;\"><strong>Subvencionirano sredstvima Fonda za za\u0161titu okoli\u0161a i energetsku u\u010dinkovitost.<\/strong><br \/>\n<strong>Zajedno \u010duvamo okoli\u0161.<\/strong><\/p>\n<p style=\"text-align: justify;\">Tvrtka \u201eOprema-strojevi\u201c d.d. je zapo\u010dela 2015. godine Projekt \u201ePrimjena energetski u\u010dinkovite rasvjete u proizvodno-skladi\u0161nom prostoru Oprema-strojevi Ludbreg\u201c. Projekt je sufinanciran sredstvima Fonda za za\u0161titu okoli\u0161a i energetsku u\u010dinkovitost u okviru Javnog natje\u010daja za sufinanciranje energetske obnove nestambenih zgrada.<\/p>\n<p>Ukupna vrijednost projekta iznosi 284.320,53 kn, dok je projekt sufinanciran u iznosu od <strong>90.982,57 kn<\/strong>.<br \/>\nCilj projekta je pove\u010danje energetske u\u010dinkovitosti u tvrtki Oprema strojevi d.d. iz Ludbrega ugradnjom energetski u\u010dinkovite rasvjete u proizvodno-skladi\u0161nom prostoru.<\/p>\n<p>Temeljem izra\u010duna za jednak proizvodno-skladi\u0161ni dio <strong>u\u0161teda je gotovo 85,22 %<\/strong>. Puno znatniji podatak je financijska u\u0161teda od 83,17 % (na godi\u0161njoj razini 75.424,83 kn).<\/p>\n<p>Op\u010di cilj je podizanje kvalitete i u\u010dinkovitosti sustava rasvjete u proizvodno-skladi\u0161nim prostorima te smanjiti tro\u0161kove odr\u017eavanja i potro\u0161nje.<\/p>\n<p>Krajnji cilj jest smanjenje emisije stakleni\u010dkih plinova, odnosno CO2 za cca. 36,06 t u 2015. godini.<br \/>\nInteligentni sistemi omogu\u010duju iskori\u0161tavanje prisutnosti dnevnog svjetla u objektu i potpunu automatizaciju sistema rasvjete s namjerom smanjivanja potro\u0161nje elektri\u010dke energije za rasvjetu.<\/p>\n<p>Provedbom ovog projekta izvr\u0161ena je zamjena postoje\u010deg sustava rasvjete od 93 komada svjetiljki sa novim, energetski u\u010dinkovitijim od 113 komada koje su ekolo\u0161ki i ekonomski usugla\u0161ene sa va\u017ee\u010dom zakonskom regulativom normom HRN EN 13 201 i Zakonom o za\u0161titi od svjetlosnog one\u010di\u0161\u010denja (NN br. 114\/11). Postoje\u0107e svjetiljke su snage 500 W, dok su nove LED snage 72 W.<\/p>\n<p>\u017delja uprave je na globalnoj razini zadovoljiti odre\u0111ene energetske norme, smanjiti emisiju \u0161tetnih plinova te negativne u\u010dinke efekata staklenika, te podi\u0107i kvalitetu osvijetljenosti te kori\u0161tenjem suvremenih svjetiljka ostvariti odre\u0111ene u\u0161tede kako bi se oslobodila sredstava za investiranje u projekte koji su ocijenjeni kao prioriteti za stvaranje ciljeva i mjera iz strategija razvoja tvrtke.<\/p>\n<p>Vi\u0161e informacija:<br \/>\nazlatar@oprema-strojevi.com<\/p>\n<p style=\"text-align: center;\">\u201cSadr\u017eaj ove publikacije isklju\u010diva je odgovornost tvrtke Oprema-strojevi d.d..\u2019\u2019<\/p>\n","protected":false},"excerpt":{"rendered":"<p>Subvencionirano sredstvima Fonda za za\u0161titu okoli\u0161a i energetsku u\u010dinkovitost. Zajedno \u010duvamo okoli\u0161. Tvrtka \u201eOprema-strojevi\u201c d.d. je zapo\u010dela 2015. godine Projekt \u201ePrimjena energetski u\u010dinkovite rasvjete u proizvodno-skladi\u0161nom prostoru Oprema-strojevi Ludbreg\u201c. Projekt je sufinanciran sredstvima Fonda za za\u0161titu okoli\u0161a i energetsku u\u010dinkovitost u okviru Javnog natje\u010daja za sufinanciranje energetske obnove nestambenih zgrada. Ukupna vrijednost projekta iznosi 284.320,53<\/p>\n","protected":false},"author":1,"featured_media":0,"parent":2569,"menu_order":0,"comment_status":"closed","ping_status":"closed","template":"","meta":{"footnotes":""},"class_list":["post-3632","page","type-page","status-publish","hentry"],"_links":{"self":[{"href":"https:\/\/oprema-strojevi.com\/wordpress\/wp-json\/wp\/v2\/pages\/3632","targetHints":{"allow":["GET"]}}],"collection":[{"href":"https:\/\/oprema-strojevi.com\/wordpress\/wp-json\/wp\/v2\/pages"}],"about":[{"href":"https:\/\/oprema-strojevi.com\/wordpress\/wp-json\/wp\/v2\/types\/page"}],"author":[{"embeddable":true,"href":"https:\/\/oprema-strojevi.com\/wordpress\/wp-json\/wp\/v2\/users\/1"}],"replies":[{"embeddable":true,"href":"https:\/\/oprema-strojevi.com\/wordpress\/wp-json\/wp\/v2\/comments?post=3632"}],"version-history":[{"count":0,"href":"https:\/\/oprema-strojevi.com\/wordpress\/wp-json\/wp\/v2\/pages\/3632\/revisions"}],"up":[{"embeddable":true,"href":"https:\/\/oprema-strojevi.com\/wordpress\/wp-json\/wp\/v2\/pages\/2569"}],"wp:attachment":[{"href":"https:\/\/oprema-strojevi.com\/wordpress\/wp-json\/wp\/v2\/media?parent=3632"}],"curies":[{"name":"wp","href":"https:\/\/api.w.org\/{rel}","templated":true}]}}