{"id":4199,"date":"2018-10-01T13:46:58","date_gmt":"2018-10-01T11:46:58","guid":{"rendered":"http:\/\/oprema-strojevi.com\/wordpress\/?page_id=4199"},"modified":"2018-10-01T14:18:55","modified_gmt":"2018-10-01T12:18:55","slug":"reference-proizvodnih-usluga","status":"publish","type":"page","link":"https:\/\/oprema-strojevi.com\/wordpress\/usluge\/reference-proizvodnih-usluga\/","title":{"rendered":"Reference proizvodnih usluga"},"content":{"rendered":"<p><section class=\"kc-elm kc-css-525784 kc_row\"><div class=\"kc-row-container  kc-container\"><div class=\"kc-wrap-columns\"><div class=\"kc-elm kc-css-543676 kc_col-sm-6 kc_column kc_col-sm-6\"><div class=\"kc-col-container\">\n<div class=\"kc-elm kc-css-492823 kc-testimo kc-testi-layout-2\">\n\n\t<div class=\"content-title\">Referentna lista<\/div><div class=\"content-position\">proizvodnih usluga<\/div><div class=\"content-desc\">S ponosom isti\u010demo da ve\u0107 godinama njegujemo uspje\u0161nu suradnju sa svjetski poznatim klijentima i partnerima od kojih izdvajamo:<\/div>\n<\/div>\n<\/div><\/div><div class=\"kc-elm kc-css-193906 kc_col-sm-6 kc_column kc_col-sm-6\"><div class=\"kc-col-container\"><div class=\"kc-elm kc-css-530368 kc_text_block\"><\/p>\n<ol>\n<li>BHS Corrugated<\/li>\n<li><span style=\"font-style: inherit;\">BarryWehmiller Papersystems<\/span><\/li>\n<li><span style=\"font-style: inherit;\">Kiefel Technologies, Kiefel Packaging<\/span><\/li>\n<li><span style=\"font-style: inherit;\">K\u00f6nig&amp;Bauer<\/span><\/li>\n<li>BOSCH Packaging<\/li>\n<li>Salvagnini Maschinenbau<\/li>\n<li>BOBST<\/li>\n<li>GROB<\/li>\n<li>IWK<\/li>\n<\/ol>\n<p>\n<\/div><\/div><\/div><\/div><\/div><\/section><section class=\"kc-elm kc-css-669264 kc_row\"><div class=\"kc-row-container  kc-container\"><div class=\"kc-wrap-columns\"><div class=\"kc-elm kc-css-265332 kc_col-sm-12 kc_column kc_col-sm-12\"><div class=\"kc-col-container\"><div class=\"kc-elm kc-css-768324 kc_row kc_row_inner\"><div class=\"kc-elm kc-css-478680 kc_col-sm-12 kc_column_inner kc_col-sm-12\"><div class=\"kc_wrapper kc-col-inner-container\"><div class=\"kc-elm kc-css-7410 kc_shortcode kc_single_image\">\n\n        <img decoding=\"async\" src=\"https:\/\/oprema-strojevi.com\/wordpress\/wp-content\/uploads\/2024\/08\/RefList2024.jpg\" class=\"\" alt=\"\" \/>    <\/div>\n<\/div><\/div><\/div><\/div><\/div><\/div><\/div><\/section><\/p>\n","protected":false},"excerpt":{"rendered":"","protected":false},"author":1,"featured_media":0,"parent":2584,"menu_order":0,"comment_status":"closed","ping_status":"closed","template":"","meta":{"footnotes":""},"class_list":["post-4199","page","type-page","status-publish","hentry"],"_links":{"self":[{"href":"https:\/\/oprema-strojevi.com\/wordpress\/wp-json\/wp\/v2\/pages\/4199","targetHints":{"allow":["GET"]}}],"collection":[{"href":"https:\/\/oprema-strojevi.com\/wordpress\/wp-json\/wp\/v2\/pages"}],"about":[{"href":"https:\/\/oprema-strojevi.com\/wordpress\/wp-json\/wp\/v2\/types\/page"}],"author":[{"embeddable":true,"href":"https:\/\/oprema-strojevi.com\/wordpress\/wp-json\/wp\/v2\/users\/1"}],"replies":[{"embeddable":true,"href":"https:\/\/oprema-strojevi.com\/wordpress\/wp-json\/wp\/v2\/comments?post=4199"}],"version-history":[{"count":0,"href":"https:\/\/oprema-strojevi.com\/wordpress\/wp-json\/wp\/v2\/pages\/4199\/revisions"}],"up":[{"embeddable":true,"href":"https:\/\/oprema-strojevi.com\/wordpress\/wp-json\/wp\/v2\/pages\/2584"}],"wp:attachment":[{"href":"https:\/\/oprema-strojevi.com\/wordpress\/wp-json\/wp\/v2\/media?parent=4199"}],"curies":[{"name":"wp","href":"https:\/\/api.w.org\/{rel}","templated":true}]}}